{"id":492,"date":"2024-03-23T09:57:42","date_gmt":"2024-03-23T06:57:42","guid":{"rendered":"http:\/\/meosgloballojistik.com\/?page_id=492"},"modified":"2024-03-23T10:05:13","modified_gmt":"2024-03-23T07:05:13","slug":"ozel-proje-tasimaciligi","status":"publish","type":"page","link":"https:\/\/meosgloballojistik.com\/index.php\/ozel-proje-tasimaciligi\/","title":{"rendered":"\u00d6zel Proje Ta\u015f\u0131mac\u0131l\u0131\u011f\u0131"},"content":{"rendered":"\t\t<div data-elementor-type=\"wp-page\" data-elementor-id=\"492\" class=\"elementor elementor-492\">\n\t\t\t\t\t\t<section class=\"elementor-section elementor-top-section elementor-element elementor-element-5ad4bbd7 elementor-section-height-min-height elementor-section-boxed elementor-section-height-default elementor-section-items-middle\" data-id=\"5ad4bbd7\" data-element_type=\"section\" data-settings=\"{&quot;background_background&quot;:&quot;classic&quot;}\">\n\t\t\t\t\t\t\t<div class=\"elementor-background-overlay\"><\/div>\n\t\t\t\t\t\t\t<div class=\"elementor-container elementor-column-gap-default\">\n\t\t\t\t\t<div class=\"elementor-column elementor-col-100 elementor-top-column elementor-element elementor-element-26553d58\" data-id=\"26553d58\" data-element_type=\"column\">\n\t\t\t<div class=\"elementor-widget-wrap elementor-element-populated\">\n\t\t\t\t\t\t<div class=\"elementor-element elementor-element-4cc5f6ab elementor-invisible elementor-widget elementor-widget-heading\" data-id=\"4cc5f6ab\" data-element_type=\"widget\" data-settings=\"{&quot;_animation&quot;:&quot;fadeInDown&quot;}\" data-widget_type=\"heading.default\">\n\t\t\t\t<div class=\"elementor-widget-container\">\n\t\t\t\t\t<h1 class=\"elementor-heading-title elementor-size-default\">\u00d6zel Proje Ta\u015f\u0131mac\u0131l\u0131\u011f\u0131<\/h1>\t\t\t\t<\/div>\n\t\t\t\t<\/div>\n\t\t\t\t\t<\/div>\n\t\t<\/div>\n\t\t\t\t\t<\/div>\n\t\t<\/section>\n\t\t\t\t<section class=\"elementor-section elementor-top-section elementor-element elementor-element-b1b18f2 elementor-section-boxed elementor-section-height-default elementor-section-height-default\" data-id=\"b1b18f2\" data-element_type=\"section\" data-settings=\"{&quot;background_background&quot;:&quot;classic&quot;}\">\n\t\t\t\t\t\t<div class=\"elementor-container elementor-column-gap-default\">\n\t\t\t\t\t<div class=\"elementor-column elementor-col-100 elementor-top-column elementor-element elementor-element-92d708b\" data-id=\"92d708b\" data-element_type=\"column\">\n\t\t\t<div class=\"elementor-widget-wrap elementor-element-populated\">\n\t\t\t\t\t\t<div class=\"elementor-element elementor-element-7a751b6 elementor-widget elementor-widget-heading\" data-id=\"7a751b6\" data-element_type=\"widget\" data-widget_type=\"heading.default\">\n\t\t\t\t<div class=\"elementor-widget-container\">\n\t\t\t\t\t<h5 class=\"elementor-heading-title elementor-size-default\">\u00d6zel Proje Ta\u015f\u0131mac\u0131l\u0131\u011f\u0131<\/h5>\t\t\t\t<\/div>\n\t\t\t\t<\/div>\n\t\t\t\t\t<\/div>\n\t\t<\/div>\n\t\t\t\t\t<\/div>\n\t\t<\/section>\n\t\t\t\t<section class=\"elementor-section elementor-top-section elementor-element elementor-element-92f039a elementor-section-boxed elementor-section-height-default elementor-section-height-default\" data-id=\"92f039a\" data-element_type=\"section\" data-settings=\"{&quot;background_background&quot;:&quot;classic&quot;}\">\n\t\t\t\t\t\t<div class=\"elementor-container elementor-column-gap-default\">\n\t\t\t\t\t<div class=\"elementor-column elementor-col-100 elementor-top-column elementor-element elementor-element-7913d61\" data-id=\"7913d61\" data-element_type=\"column\">\n\t\t\t<div class=\"elementor-widget-wrap elementor-element-populated\">\n\t\t\t\t\t\t<div class=\"elementor-element elementor-element-5dea019 elementor-widget elementor-widget-text-editor\" data-id=\"5dea019\" data-element_type=\"widget\" data-widget_type=\"text-editor.default\">\n\t\t\t\t<div class=\"elementor-widget-container\">\n\t\t\t\t\t\t\t\t\t<p><strong>Proje ta\u015f\u0131mac\u0131l\u0131\u011f\u0131<\/strong>, ba\u015flang\u0131c\u0131 ve biti\u015fi belli olan ta\u015f\u0131ma ve depolama operasyonudur. Her y\u00fck boyutuna, teslim edilece\u011fi lokasyona ve y\u00fck t\u00fcr\u00fcne g\u00f6re projeye \u00f6zel strateji ve planlama yap\u0131lan bu ta\u015f\u0131mac\u0131l\u0131k y\u00f6ntemi y\u00fcke \u00f6zg\u00fc tasarlan\u0131r ve ba\u015fka bir y\u00fcke uygulanamaz.<\/p><p>Proje ta\u015f\u0131mac\u0131l\u0131\u011f\u0131nda nakliye yap\u0131lacak y\u00fck\u00fcn \u00f6l\u00e7\u00fcleri, kara ta\u015f\u0131ma \u00f6l\u00e7\u00fc limitlerinin \u00fczerindedir. Y\u00fck\u00fcn a\u011f\u0131rl\u0131\u011f\u0131 standart ta\u015f\u0131ma ara\u00e7lar\u0131yla ta\u015f\u0131namayacak kadar b\u00fcy\u00fck ve a\u011f\u0131r malzemelerden meydana gelir. Her proje i\u00e7in \u00f6zel stratejiler geli\u015ftirilece\u011fi i\u00e7in proje ta\u015f\u0131mac\u0131l\u0131\u011f\u0131 uzman ve deneyimli bir ekibe ihtiya\u00e7 duyar.<\/p>\t\t\t\t\t\t\t\t<\/div>\n\t\t\t\t<\/div>\n\t\t\t\t\t<\/div>\n\t\t<\/div>\n\t\t\t\t\t<\/div>\n\t\t<\/section>\n\t\t\t\t<section class=\"elementor-section elementor-top-section elementor-element elementor-element-53179af elementor-section-boxed elementor-section-height-default elementor-section-height-default\" data-id=\"53179af\" data-element_type=\"section\" data-settings=\"{&quot;background_background&quot;:&quot;classic&quot;}\">\n\t\t\t\t\t\t<div class=\"elementor-container elementor-column-gap-default\">\n\t\t\t\t\t<div class=\"elementor-column elementor-col-100 elementor-top-column elementor-element elementor-element-6eee5194\" data-id=\"6eee5194\" data-element_type=\"column\" data-settings=\"{&quot;background_background&quot;:&quot;classic&quot;}\">\n\t\t\t<div class=\"elementor-widget-wrap elementor-element-populated\">\n\t\t\t\t\t<div class=\"elementor-background-overlay\"><\/div>\n\t\t\t\t\t\t<div class=\"elementor-element elementor-element-80e99c0 elementor-widget elementor-widget-image\" data-id=\"80e99c0\" data-element_type=\"widget\" data-widget_type=\"image.default\">\n\t\t\t\t<div class=\"elementor-widget-container\">\n\t\t\t\t\t\t\t\t\t\t\t\t\t\t\t<img fetchpriority=\"high\" decoding=\"async\" width=\"1700\" height=\"1133\" src=\"https:\/\/meosgloballojistik.com\/wp-content\/uploads\/2024\/03\/header-2so.jpg\" class=\"attachment-full size-full wp-image-488\" alt=\"\" srcset=\"https:\/\/meosgloballojistik.com\/wp-content\/uploads\/2024\/03\/header-2so.jpg 1700w, https:\/\/meosgloballojistik.com\/wp-content\/uploads\/2024\/03\/header-2so-300x200.jpg 300w, https:\/\/meosgloballojistik.com\/wp-content\/uploads\/2024\/03\/header-2so-1024x682.jpg 1024w, https:\/\/meosgloballojistik.com\/wp-content\/uploads\/2024\/03\/header-2so-768x512.jpg 768w, https:\/\/meosgloballojistik.com\/wp-content\/uploads\/2024\/03\/header-2so-1536x1024.jpg 1536w\" sizes=\"(max-width: 1700px) 100vw, 1700px\" \/>\t\t\t\t\t\t\t\t\t\t\t\t\t\t\t<\/div>\n\t\t\t\t<\/div>\n\t\t\t\t\t<\/div>\n\t\t<\/div>\n\t\t\t\t\t<\/div>\n\t\t<\/section>\n\t\t\t\t<section class=\"elementor-section elementor-top-section elementor-element elementor-element-2afc65b elementor-section-boxed elementor-section-height-default elementor-section-height-default\" data-id=\"2afc65b\" data-element_type=\"section\" data-settings=\"{&quot;background_background&quot;:&quot;classic&quot;}\">\n\t\t\t\t\t\t<div class=\"elementor-container elementor-column-gap-default\">\n\t\t\t\t\t<div class=\"elementor-column elementor-col-100 elementor-top-column elementor-element elementor-element-56a9e59\" data-id=\"56a9e59\" data-element_type=\"column\">\n\t\t\t<div class=\"elementor-widget-wrap elementor-element-populated\">\n\t\t\t\t\t\t<div class=\"elementor-element elementor-element-4fd5843 elementor-widget elementor-widget-heading\" data-id=\"4fd5843\" data-element_type=\"widget\" data-widget_type=\"heading.default\">\n\t\t\t\t<div class=\"elementor-widget-container\">\n\t\t\t\t\t<h5 class=\"elementor-heading-title elementor-size-default\">Proje Ta\u015f\u0131mac\u0131l\u0131\u011f\u0131n\u0131n Kapsam\u0131<\/h5>\t\t\t\t<\/div>\n\t\t\t\t<\/div>\n\t\t\t\t\t<\/div>\n\t\t<\/div>\n\t\t\t\t\t<\/div>\n\t\t<\/section>\n\t\t\t\t<section class=\"elementor-section elementor-top-section elementor-element elementor-element-b1517c6 elementor-section-boxed elementor-section-height-default elementor-section-height-default\" data-id=\"b1517c6\" data-element_type=\"section\" data-settings=\"{&quot;background_background&quot;:&quot;classic&quot;}\">\n\t\t\t\t\t\t<div class=\"elementor-container elementor-column-gap-default\">\n\t\t\t\t\t<div class=\"elementor-column elementor-col-100 elementor-top-column elementor-element elementor-element-1f692a7\" data-id=\"1f692a7\" data-element_type=\"column\">\n\t\t\t<div class=\"elementor-widget-wrap elementor-element-populated\">\n\t\t\t\t\t\t<div class=\"elementor-element elementor-element-1ec9ff7 elementor-widget elementor-widget-text-editor\" data-id=\"1ec9ff7\" data-element_type=\"widget\" data-widget_type=\"text-editor.default\">\n\t\t\t\t<div class=\"elementor-widget-container\">\n\t\t\t\t\t\t\t\t\t<p>Proje ta\u015f\u0131mac\u0131l\u0131\u011f\u0131 sadece \u00fclke i\u00e7ine de\u011fil, b\u00fcy\u00fck oranda da yurt d\u0131\u015f\u0131na yap\u0131l\u0131yor. CIS \u00fclkeleri, Arap \u00fclkeleri, Balkan \u00fclkeleri hatta Avrupa \u00fclkeleri ve ABD bile T\u00fcrk lojistik firmalar\u0131n\u0131n ticari hatlar\u0131 aras\u0131nda yer al\u0131yor. Ta\u015f\u0131nan y\u00fckler \u00e7ok \u00e7e\u015fitli olmakla birlikte genellikle baraj in\u015faatlar\u0131nda, boru hatt\u0131 in\u015faatlar\u0131nda, \u00e7imento fabrikalar\u0131, elektrik santralleri, termik santraller, r\u00fczgar jenerat\u00f6rleri veya asma k\u00f6pr\u00fclerde kullan\u0131lan y\u00fckleri kaps\u0131yor.<\/p>\t\t\t\t\t\t\t\t<\/div>\n\t\t\t\t<\/div>\n\t\t\t\t\t<\/div>\n\t\t<\/div>\n\t\t\t\t\t<\/div>\n\t\t<\/section>\n\t\t\t\t<section class=\"elementor-section elementor-top-section elementor-element elementor-element-2bd3cee elementor-section-boxed elementor-section-height-default elementor-section-height-default\" data-id=\"2bd3cee\" data-element_type=\"section\" data-settings=\"{&quot;background_background&quot;:&quot;classic&quot;}\">\n\t\t\t\t\t\t<div class=\"elementor-container elementor-column-gap-default\">\n\t\t\t\t\t<div class=\"elementor-column elementor-col-100 elementor-top-column elementor-element elementor-element-37acb68\" data-id=\"37acb68\" data-element_type=\"column\">\n\t\t\t<div class=\"elementor-widget-wrap elementor-element-populated\">\n\t\t\t\t\t\t<div class=\"elementor-element elementor-element-9cd5daf elementor-widget elementor-widget-heading\" data-id=\"9cd5daf\" data-element_type=\"widget\" data-widget_type=\"heading.default\">\n\t\t\t\t<div class=\"elementor-widget-container\">\n\t\t\t\t\t<h5 class=\"elementor-heading-title elementor-size-default\">Denizyolu Ta\u015f\u0131mac\u0131l\u0131\u011f\u0131nda Gemi \u00d6zellikleri<\/h5>\t\t\t\t<\/div>\n\t\t\t\t<\/div>\n\t\t\t\t\t<\/div>\n\t\t<\/div>\n\t\t\t\t\t<\/div>\n\t\t<\/section>\n\t\t\t\t<section class=\"elementor-section elementor-top-section elementor-element elementor-element-ce771bf elementor-section-boxed elementor-section-height-default elementor-section-height-default\" data-id=\"ce771bf\" data-element_type=\"section\" data-settings=\"{&quot;background_background&quot;:&quot;classic&quot;}\">\n\t\t\t\t\t\t<div class=\"elementor-container elementor-column-gap-default\">\n\t\t\t\t\t<div class=\"elementor-column elementor-col-100 elementor-top-column elementor-element elementor-element-aaf1579\" data-id=\"aaf1579\" data-element_type=\"column\">\n\t\t\t<div class=\"elementor-widget-wrap elementor-element-populated\">\n\t\t\t\t\t\t<div class=\"elementor-element elementor-element-c8f558e elementor-widget elementor-widget-text-editor\" data-id=\"c8f558e\" data-element_type=\"widget\" data-widget_type=\"text-editor.default\">\n\t\t\t\t<div class=\"elementor-widget-container\">\n\t\t\t\t\t\t\t\t\t<p>Deniz ta\u015f\u0131malar\u0131nda da karada oldu\u011fu gibi \u00f6zel proje ara\u00e7lar\u0131 kullan\u0131l\u0131yor, baz\u0131 proje gemilerinde dahili vin\u00e7lere de rastlan\u0131yor. Bu sayede elle\u00e7lemede kolayl\u0131k sa\u011flan\u0131rken maliyet y\u00fck\u00fc de d\u00fc\u015fm\u00fc\u015f oluyor. Y\u00fckler i\u00e7in gemi \u00fczerinde lashing i\u015fleminin yap\u0131lmas\u0131 da operasyonu olduk\u00e7a kolayla\u015ft\u0131r\u0131yor. Var\u0131\u015f liman\u0131nda y\u00fcklerin gemiden indirilmesi s\u0131ras\u0131nda normal \u015fartlarda gemi i\u00e7inde vin\u00e7 kullan\u0131m\u0131 yap\u0131labiliyor. Fakat 300 tonun \u00fczerindeki ya da standart d\u0131\u015f\u0131 uzunluktaki y\u00fcklerde vin\u00e7ler yetersiz kalabiliyor. Bu durumda y\u00fckleri indirmek i\u00e7in b\u00fcy\u00fck kapasiteli vin\u00e7ler gerekiyor. Bu vin\u00e7ler de limana ancak demonte halde getirilip kullan\u0131ma haz\u0131r hale getirilebiliyor. Gabari \u00fcst\u00fc ta\u015f\u0131mac\u0131l\u0131k yap\u0131lan nakliye t\u00fcrlerinde, operasyon i\u00e7in gerekli ara\u00e7lar\u0131n ta\u015f\u0131nmas\u0131 da farkl\u0131 bir i\u015f y\u00fck\u00fc olarak kar\u015f\u0131m\u0131za \u00e7\u0131k\u0131yor.<\/p><p>Meos Global Logistics olarak d\u00fcnyan\u0131n her yerine hizmet verirken, proje ta\u015f\u0131mac\u0131l\u0131\u011f\u0131 hizmetlerimizde her zaman m\u00fc\u015fterilerimiz i\u00e7in en iyi olan\u0131 d\u00fc\u015f\u00fcn\u00fcp do\u011fru ara\u00e7 ve ta\u015f\u0131ma se\u00e7enekleri sunuyoruz. Liman ve karada her imkan\u0131 sa\u011flayabilen geni\u015f hizmet yelpazemizde t\u00fcm y\u00fckler i\u00e7in ihtiyac\u0131 en uygun sekilde belirliyor ve kar\u015f\u0131l\u0131yoruz. Proje ta\u015f\u0131mac\u0131l\u0131\u011f\u0131 kapsam\u0131nda yapt\u0131\u011f\u0131m\u0131z \u00e7al\u0131\u015fmalar\u0131 ve referanslar\u0131m\u0131z\u0131 g\u00f6rmek i\u00e7in www.meosgloballojistik.com\u2019u ziyaret edebilir veya sosyal medya hesaplar\u0131m\u0131zdan bizi takip edebilirsiniz.<\/p>\t\t\t\t\t\t\t\t<\/div>\n\t\t\t\t<\/div>\n\t\t\t\t\t<\/div>\n\t\t<\/div>\n\t\t\t\t\t<\/div>\n\t\t<\/section>\n\t\t\t\t<section class=\"elementor-section elementor-top-section elementor-element elementor-element-45b8348b elementor-section-boxed elementor-section-height-default elementor-section-height-default\" data-id=\"45b8348b\" data-element_type=\"section\" data-settings=\"{&quot;background_background&quot;:&quot;classic&quot;}\">\n\t\t\t\t\t\t<div class=\"elementor-container elementor-column-gap-default\">\n\t\t\t\t\t<div class=\"elementor-column elementor-col-100 elementor-top-column elementor-element elementor-element-628abc4b\" data-id=\"628abc4b\" data-element_type=\"column\">\n\t\t\t<div class=\"elementor-widget-wrap\">\n\t\t\t\t\t\t\t<\/div>\n\t\t<\/div>\n\t\t\t\t\t<\/div>\n\t\t<\/section>\n\t\t<div class=\"elementor-element elementor-element-eea2fcb e-flex e-con-boxed e-con e-parent\" data-id=\"eea2fcb\" data-element_type=\"container\">\n\t\t\t\t\t<div class=\"e-con-inner\">\n\t\t\t\t<div class=\"elementor-element elementor-element-d8c3244 elementor-widget elementor-widget-spacer\" data-id=\"d8c3244\" data-element_type=\"widget\" data-widget_type=\"spacer.default\">\n\t\t\t\t<div class=\"elementor-widget-container\">\n\t\t\t\t\t\t\t<div class=\"elementor-spacer\">\n\t\t\t<div class=\"elementor-spacer-inner\"><\/div>\n\t\t<\/div>\n\t\t\t\t\t\t<\/div>\n\t\t\t\t<\/div>\n\t\t\t\t\t<\/div>\n\t\t\t\t<\/div>\n\t\t\t\t<\/div>\n\t\t","protected":false},"excerpt":{"rendered":"<p>\u00d6zel Proje Ta\u015f\u0131mac\u0131l\u0131\u011f\u0131 \u00d6zel Proje Ta\u015f\u0131mac\u0131l\u0131\u011f\u0131 Proje ta\u015f\u0131mac\u0131l\u0131\u011f\u0131, ba\u015flang\u0131c\u0131 ve biti\u015fi belli olan ta\u015f\u0131ma ve depolama operasyonudur. Her y\u00fck boyutuna, teslim edilece\u011fi lokasyona ve y\u00fck t\u00fcr\u00fcne g\u00f6re projeye \u00f6zel strateji ve planlama yap\u0131lan bu ta\u015f\u0131mac\u0131l\u0131k y\u00f6ntemi y\u00fcke \u00f6zg\u00fc tasarlan\u0131r ve ba\u015fka bir y\u00fcke uygulanamaz. Proje ta\u015f\u0131mac\u0131l\u0131\u011f\u0131nda nakliye yap\u0131lacak y\u00fck\u00fcn \u00f6l\u00e7\u00fcleri, kara ta\u015f\u0131ma \u00f6l\u00e7\u00fc limitlerinin \u00fczerindedir. [&hellip;]<\/p>\n","protected":false},"author":1,"featured_media":0,"parent":0,"menu_order":0,"comment_status":"closed","ping_status":"closed","template":"elementor_header_footer","meta":{"footnotes":""},"class_list":["post-492","page","type-page","status-publish","hentry"],"yoast_head":"<!-- This site is optimized with the Yoast SEO plugin v24.5 - https:\/\/yoast.com\/wordpress\/plugins\/seo\/ -->\n<title>\u00d6zel Proje Ta\u015f\u0131mac\u0131l\u0131\u011f\u0131 - Meos Global Lojistik<\/title>\n<meta name=\"robots\" content=\"index, follow, max-snippet:-1, max-image-preview:large, max-video-preview:-1\" \/>\n<link rel=\"canonical\" href=\"https:\/\/meosgloballojistik.com\/index.php\/ozel-proje-tasimaciligi\/\" \/>\n<meta property=\"og:locale\" content=\"tr_TR\" \/>\n<meta property=\"og:type\" content=\"article\" \/>\n<meta property=\"og:title\" content=\"\u00d6zel Proje Ta\u015f\u0131mac\u0131l\u0131\u011f\u0131 - Meos Global Lojistik\" \/>\n<meta property=\"og:description\" content=\"\u00d6zel Proje Ta\u015f\u0131mac\u0131l\u0131\u011f\u0131 \u00d6zel Proje Ta\u015f\u0131mac\u0131l\u0131\u011f\u0131 Proje ta\u015f\u0131mac\u0131l\u0131\u011f\u0131, ba\u015flang\u0131c\u0131 ve biti\u015fi belli olan ta\u015f\u0131ma ve depolama operasyonudur. Her y\u00fck boyutuna, teslim edilece\u011fi lokasyona ve y\u00fck t\u00fcr\u00fcne g\u00f6re projeye \u00f6zel strateji ve planlama yap\u0131lan bu ta\u015f\u0131mac\u0131l\u0131k y\u00f6ntemi y\u00fcke \u00f6zg\u00fc tasarlan\u0131r ve ba\u015fka bir y\u00fcke uygulanamaz. Proje ta\u015f\u0131mac\u0131l\u0131\u011f\u0131nda nakliye yap\u0131lacak y\u00fck\u00fcn \u00f6l\u00e7\u00fcleri, kara ta\u015f\u0131ma \u00f6l\u00e7\u00fc limitlerinin \u00fczerindedir. [&hellip;]\" \/>\n<meta property=\"og:url\" content=\"https:\/\/meosgloballojistik.com\/index.php\/ozel-proje-tasimaciligi\/\" \/>\n<meta property=\"og:site_name\" content=\"Meos Global Lojistik\" \/>\n<meta property=\"article:modified_time\" content=\"2024-03-23T07:05:13+00:00\" \/>\n<meta property=\"og:image\" content=\"http:\/\/meosgloballojistik.com\/wp-content\/uploads\/2024\/03\/header-2so.jpg\" \/>\n<meta name=\"twitter:card\" content=\"summary_large_image\" \/>\n<meta name=\"twitter:label1\" content=\"Tahmini okuma s\u00fcresi\" \/>\n\t<meta name=\"twitter:data1\" content=\"2 dakika\" \/>\n<script type=\"application\/ld+json\" class=\"yoast-schema-graph\">{\"@context\":\"https:\/\/schema.org\",\"@graph\":[{\"@type\":\"WebPage\",\"@id\":\"https:\/\/meosgloballojistik.com\/index.php\/ozel-proje-tasimaciligi\/\",\"url\":\"https:\/\/meosgloballojistik.com\/index.php\/ozel-proje-tasimaciligi\/\",\"name\":\"\u00d6zel Proje Ta\u015f\u0131mac\u0131l\u0131\u011f\u0131 - Meos Global Lojistik\",\"isPartOf\":{\"@id\":\"https:\/\/meosgloballojistik.com\/#website\"},\"primaryImageOfPage\":{\"@id\":\"https:\/\/meosgloballojistik.com\/index.php\/ozel-proje-tasimaciligi\/#primaryimage\"},\"image\":{\"@id\":\"https:\/\/meosgloballojistik.com\/index.php\/ozel-proje-tasimaciligi\/#primaryimage\"},\"thumbnailUrl\":\"http:\/\/meosgloballojistik.com\/wp-content\/uploads\/2024\/03\/header-2so.jpg\",\"datePublished\":\"2024-03-23T06:57:42+00:00\",\"dateModified\":\"2024-03-23T07:05:13+00:00\",\"breadcrumb\":{\"@id\":\"https:\/\/meosgloballojistik.com\/index.php\/ozel-proje-tasimaciligi\/#breadcrumb\"},\"inLanguage\":\"tr\",\"potentialAction\":[{\"@type\":\"ReadAction\",\"target\":[\"https:\/\/meosgloballojistik.com\/index.php\/ozel-proje-tasimaciligi\/\"]}]},{\"@type\":\"ImageObject\",\"inLanguage\":\"tr\",\"@id\":\"https:\/\/meosgloballojistik.com\/index.php\/ozel-proje-tasimaciligi\/#primaryimage\",\"url\":\"http:\/\/meosgloballojistik.com\/wp-content\/uploads\/2024\/03\/header-2so.jpg\",\"contentUrl\":\"http:\/\/meosgloballojistik.com\/wp-content\/uploads\/2024\/03\/header-2so.jpg\"},{\"@type\":\"BreadcrumbList\",\"@id\":\"https:\/\/meosgloballojistik.com\/index.php\/ozel-proje-tasimaciligi\/#breadcrumb\",\"itemListElement\":[{\"@type\":\"ListItem\",\"position\":1,\"name\":\"Anasayfa\",\"item\":\"https:\/\/meosgloballojistik.com\/\"},{\"@type\":\"ListItem\",\"position\":2,\"name\":\"\u00d6zel Proje Ta\u015f\u0131mac\u0131l\u0131\u011f\u0131\"}]},{\"@type\":\"WebSite\",\"@id\":\"https:\/\/meosgloballojistik.com\/#website\",\"url\":\"https:\/\/meosgloballojistik.com\/\",\"name\":\"Meos Global Lojistik\",\"description\":\"Lojistik, Ta\u015f\u0131mac\u0131l\u0131k, Nakliye\",\"publisher\":{\"@id\":\"https:\/\/meosgloballojistik.com\/#organization\"},\"alternateName\":\"Meos G\u00fcmr\u00fck\",\"potentialAction\":[{\"@type\":\"SearchAction\",\"target\":{\"@type\":\"EntryPoint\",\"urlTemplate\":\"https:\/\/meosgloballojistik.com\/?s={search_term_string}\"},\"query-input\":{\"@type\":\"PropertyValueSpecification\",\"valueRequired\":true,\"valueName\":\"search_term_string\"}}],\"inLanguage\":\"tr\"},{\"@type\":\"Organization\",\"@id\":\"https:\/\/meosgloballojistik.com\/#organization\",\"name\":\"Meos G\u00fcmr\u00fck M\u00fc\u015favirli\u011fi\",\"alternateName\":\"Global Lojistik Ta\u015f\u0131mac\u0131l\u0131k\",\"url\":\"https:\/\/meosgloballojistik.com\/\",\"logo\":{\"@type\":\"ImageObject\",\"inLanguage\":\"tr\",\"@id\":\"https:\/\/meosgloballojistik.com\/#\/schema\/logo\/image\/\",\"url\":\"https:\/\/meosgloballojistik.com\/wp-content\/uploads\/2024\/04\/Basliksiz-1s.jpg\",\"contentUrl\":\"https:\/\/meosgloballojistik.com\/wp-content\/uploads\/2024\/04\/Basliksiz-1s.jpg\",\"width\":296,\"height\":160,\"caption\":\"Meos G\u00fcmr\u00fck M\u00fc\u015favirli\u011fi\"},\"image\":{\"@id\":\"https:\/\/meosgloballojistik.com\/#\/schema\/logo\/image\/\"}}]}<\/script>\n<!-- \/ Yoast SEO plugin. -->","yoast_head_json":{"title":"\u00d6zel Proje Ta\u015f\u0131mac\u0131l\u0131\u011f\u0131 - Meos Global Lojistik","robots":{"index":"index","follow":"follow","max-snippet":"max-snippet:-1","max-image-preview":"max-image-preview:large","max-video-preview":"max-video-preview:-1"},"canonical":"https:\/\/meosgloballojistik.com\/index.php\/ozel-proje-tasimaciligi\/","og_locale":"tr_TR","og_type":"article","og_title":"\u00d6zel Proje Ta\u015f\u0131mac\u0131l\u0131\u011f\u0131 - Meos Global Lojistik","og_description":"\u00d6zel Proje Ta\u015f\u0131mac\u0131l\u0131\u011f\u0131 \u00d6zel Proje Ta\u015f\u0131mac\u0131l\u0131\u011f\u0131 Proje ta\u015f\u0131mac\u0131l\u0131\u011f\u0131, ba\u015flang\u0131c\u0131 ve biti\u015fi belli olan ta\u015f\u0131ma ve depolama operasyonudur. Her y\u00fck boyutuna, teslim edilece\u011fi lokasyona ve y\u00fck t\u00fcr\u00fcne g\u00f6re projeye \u00f6zel strateji ve planlama yap\u0131lan bu ta\u015f\u0131mac\u0131l\u0131k y\u00f6ntemi y\u00fcke \u00f6zg\u00fc tasarlan\u0131r ve ba\u015fka bir y\u00fcke uygulanamaz. Proje ta\u015f\u0131mac\u0131l\u0131\u011f\u0131nda nakliye yap\u0131lacak y\u00fck\u00fcn \u00f6l\u00e7\u00fcleri, kara ta\u015f\u0131ma \u00f6l\u00e7\u00fc limitlerinin \u00fczerindedir. [&hellip;]","og_url":"https:\/\/meosgloballojistik.com\/index.php\/ozel-proje-tasimaciligi\/","og_site_name":"Meos Global Lojistik","article_modified_time":"2024-03-23T07:05:13+00:00","og_image":[{"url":"http:\/\/meosgloballojistik.com\/wp-content\/uploads\/2024\/03\/header-2so.jpg","type":"","width":"","height":""}],"twitter_card":"summary_large_image","twitter_misc":{"Tahmini okuma s\u00fcresi":"2 dakika"},"schema":{"@context":"https:\/\/schema.org","@graph":[{"@type":"WebPage","@id":"https:\/\/meosgloballojistik.com\/index.php\/ozel-proje-tasimaciligi\/","url":"https:\/\/meosgloballojistik.com\/index.php\/ozel-proje-tasimaciligi\/","name":"\u00d6zel Proje Ta\u015f\u0131mac\u0131l\u0131\u011f\u0131 - Meos Global Lojistik","isPartOf":{"@id":"https:\/\/meosgloballojistik.com\/#website"},"primaryImageOfPage":{"@id":"https:\/\/meosgloballojistik.com\/index.php\/ozel-proje-tasimaciligi\/#primaryimage"},"image":{"@id":"https:\/\/meosgloballojistik.com\/index.php\/ozel-proje-tasimaciligi\/#primaryimage"},"thumbnailUrl":"http:\/\/meosgloballojistik.com\/wp-content\/uploads\/2024\/03\/header-2so.jpg","datePublished":"2024-03-23T06:57:42+00:00","dateModified":"2024-03-23T07:05:13+00:00","breadcrumb":{"@id":"https:\/\/meosgloballojistik.com\/index.php\/ozel-proje-tasimaciligi\/#breadcrumb"},"inLanguage":"tr","potentialAction":[{"@type":"ReadAction","target":["https:\/\/meosgloballojistik.com\/index.php\/ozel-proje-tasimaciligi\/"]}]},{"@type":"ImageObject","inLanguage":"tr","@id":"https:\/\/meosgloballojistik.com\/index.php\/ozel-proje-tasimaciligi\/#primaryimage","url":"http:\/\/meosgloballojistik.com\/wp-content\/uploads\/2024\/03\/header-2so.jpg","contentUrl":"http:\/\/meosgloballojistik.com\/wp-content\/uploads\/2024\/03\/header-2so.jpg"},{"@type":"BreadcrumbList","@id":"https:\/\/meosgloballojistik.com\/index.php\/ozel-proje-tasimaciligi\/#breadcrumb","itemListElement":[{"@type":"ListItem","position":1,"name":"Anasayfa","item":"https:\/\/meosgloballojistik.com\/"},{"@type":"ListItem","position":2,"name":"\u00d6zel Proje Ta\u015f\u0131mac\u0131l\u0131\u011f\u0131"}]},{"@type":"WebSite","@id":"https:\/\/meosgloballojistik.com\/#website","url":"https:\/\/meosgloballojistik.com\/","name":"Meos Global Lojistik","description":"Lojistik, Ta\u015f\u0131mac\u0131l\u0131k, Nakliye","publisher":{"@id":"https:\/\/meosgloballojistik.com\/#organization"},"alternateName":"Meos G\u00fcmr\u00fck","potentialAction":[{"@type":"SearchAction","target":{"@type":"EntryPoint","urlTemplate":"https:\/\/meosgloballojistik.com\/?s={search_term_string}"},"query-input":{"@type":"PropertyValueSpecification","valueRequired":true,"valueName":"search_term_string"}}],"inLanguage":"tr"},{"@type":"Organization","@id":"https:\/\/meosgloballojistik.com\/#organization","name":"Meos G\u00fcmr\u00fck M\u00fc\u015favirli\u011fi","alternateName":"Global Lojistik Ta\u015f\u0131mac\u0131l\u0131k","url":"https:\/\/meosgloballojistik.com\/","logo":{"@type":"ImageObject","inLanguage":"tr","@id":"https:\/\/meosgloballojistik.com\/#\/schema\/logo\/image\/","url":"https:\/\/meosgloballojistik.com\/wp-content\/uploads\/2024\/04\/Basliksiz-1s.jpg","contentUrl":"https:\/\/meosgloballojistik.com\/wp-content\/uploads\/2024\/04\/Basliksiz-1s.jpg","width":296,"height":160,"caption":"Meos G\u00fcmr\u00fck M\u00fc\u015favirli\u011fi"},"image":{"@id":"https:\/\/meosgloballojistik.com\/#\/schema\/logo\/image\/"}}]}},"_links":{"self":[{"href":"https:\/\/meosgloballojistik.com\/index.php\/wp-json\/wp\/v2\/pages\/492","targetHints":{"allow":["GET"]}}],"collection":[{"href":"https:\/\/meosgloballojistik.com\/index.php\/wp-json\/wp\/v2\/pages"}],"about":[{"href":"https:\/\/meosgloballojistik.com\/index.php\/wp-json\/wp\/v2\/types\/page"}],"author":[{"embeddable":true,"href":"https:\/\/meosgloballojistik.com\/index.php\/wp-json\/wp\/v2\/users\/1"}],"replies":[{"embeddable":true,"href":"https:\/\/meosgloballojistik.com\/index.php\/wp-json\/wp\/v2\/comments?post=492"}],"version-history":[{"count":10,"href":"https:\/\/meosgloballojistik.com\/index.php\/wp-json\/wp\/v2\/pages\/492\/revisions"}],"predecessor-version":[{"id":502,"href":"https:\/\/meosgloballojistik.com\/index.php\/wp-json\/wp\/v2\/pages\/492\/revisions\/502"}],"wp:attachment":[{"href":"https:\/\/meosgloballojistik.com\/index.php\/wp-json\/wp\/v2\/media?parent=492"}],"curies":[{"name":"wp","href":"https:\/\/api.w.org\/{rel}","templated":true}]}}