{"id":348,"date":"2024-03-21T14:08:21","date_gmt":"2024-03-21T11:08:21","guid":{"rendered":"http:\/\/meosgloballojistik.com\/?page_id=348"},"modified":"2024-03-22T10:49:21","modified_gmt":"2024-03-22T07:49:21","slug":"karayolu-tasimaciligi","status":"publish","type":"page","link":"https:\/\/meosgloballojistik.com\/index.php\/karayolu-tasimaciligi\/","title":{"rendered":"Karayolu Ta\u015f\u0131mac\u0131l\u0131\u011f\u0131"},"content":{"rendered":"\t\t<div data-elementor-type=\"wp-page\" data-elementor-id=\"348\" class=\"elementor elementor-348\">\n\t\t\t\t\t\t<section class=\"elementor-section elementor-top-section elementor-element elementor-element-5ad4bbd7 elementor-section-height-min-height elementor-section-boxed elementor-section-height-default elementor-section-items-middle\" data-id=\"5ad4bbd7\" data-element_type=\"section\" data-settings=\"{&quot;background_background&quot;:&quot;classic&quot;}\">\n\t\t\t\t\t\t\t<div class=\"elementor-background-overlay\"><\/div>\n\t\t\t\t\t\t\t<div class=\"elementor-container elementor-column-gap-default\">\n\t\t\t\t\t<div class=\"elementor-column elementor-col-100 elementor-top-column elementor-element elementor-element-26553d58\" data-id=\"26553d58\" data-element_type=\"column\">\n\t\t\t<div class=\"elementor-widget-wrap elementor-element-populated\">\n\t\t\t\t\t\t<div class=\"elementor-element elementor-element-4cc5f6ab elementor-invisible elementor-widget elementor-widget-heading\" data-id=\"4cc5f6ab\" data-element_type=\"widget\" data-settings=\"{&quot;_animation&quot;:&quot;fadeInDown&quot;}\" data-widget_type=\"heading.default\">\n\t\t\t\t<div class=\"elementor-widget-container\">\n\t\t\t\t\t<h1 class=\"elementor-heading-title elementor-size-default\">Karayolu Ta\u015f\u0131mac\u0131l\u0131\u011f\u0131<\/h1>\t\t\t\t<\/div>\n\t\t\t\t<\/div>\n\t\t\t\t\t<\/div>\n\t\t<\/div>\n\t\t\t\t\t<\/div>\n\t\t<\/section>\n\t\t\t\t<section class=\"elementor-section elementor-top-section elementor-element elementor-element-45b8348b elementor-section-boxed elementor-section-height-default elementor-section-height-default\" data-id=\"45b8348b\" data-element_type=\"section\" data-settings=\"{&quot;background_background&quot;:&quot;classic&quot;}\">\n\t\t\t\t\t\t<div class=\"elementor-container elementor-column-gap-default\">\n\t\t\t\t\t<div class=\"elementor-column elementor-col-100 elementor-top-column elementor-element elementor-element-628abc4b\" data-id=\"628abc4b\" data-element_type=\"column\">\n\t\t\t<div class=\"elementor-widget-wrap elementor-element-populated\">\n\t\t\t\t\t\t<div class=\"elementor-element elementor-element-42a6319d elementor-widget elementor-widget-heading\" data-id=\"42a6319d\" data-element_type=\"widget\" data-widget_type=\"heading.default\">\n\t\t\t\t<div class=\"elementor-widget-container\">\n\t\t\t\t\t<h5 class=\"elementor-heading-title elementor-size-default\">Karayolu Ta\u015f\u0131mac\u0131l\u0131k Hizmetleri<\/h5>\t\t\t\t<\/div>\n\t\t\t\t<\/div>\n\t\t\t\t\t<\/div>\n\t\t<\/div>\n\t\t\t\t\t<\/div>\n\t\t<\/section>\n\t\t\t\t<section class=\"elementor-section elementor-top-section elementor-element elementor-element-13dd2dac elementor-section-boxed elementor-section-height-default elementor-section-height-default\" data-id=\"13dd2dac\" data-element_type=\"section\" data-settings=\"{&quot;background_background&quot;:&quot;classic&quot;}\">\n\t\t\t\t\t\t<div class=\"elementor-container elementor-column-gap-default\">\n\t\t\t\t\t<div class=\"elementor-column elementor-col-100 elementor-top-column elementor-element elementor-element-10781562\" data-id=\"10781562\" data-element_type=\"column\">\n\t\t\t<div class=\"elementor-widget-wrap elementor-element-populated\">\n\t\t\t\t\t\t<div class=\"elementor-element elementor-element-1801ff69 elementor-widget elementor-widget-text-editor\" data-id=\"1801ff69\" data-element_type=\"widget\" data-widget_type=\"text-editor.default\">\n\t\t\t\t<div class=\"elementor-widget-container\">\n\t\t\t\t\t\t\t\t\t<p><strong>Karayolu ta\u015f\u0131mac\u0131l\u0131\u011f\u0131 <\/strong>, ad\u0131ndan da a\u00e7\u0131k\u00e7a anla\u015f\u0131labilece\u011fi \u00fczere, tedarik\u00e7i firmalar\u0131n sa\u011flad\u0131\u011f\u0131 \u00fcr\u00fcnlerin karayolu ara\u00e7lar\u0131 vas\u0131tas\u0131yla ta\u015f\u0131nmas\u0131 ve istenilen hedef lokasyona zaman\u0131nda, g\u00fcvenle, hasars\u0131z ve kalitesinden bir \u015fey kaybetmemi\u015f bir \u015fekilde ula\u015ft\u0131r\u0131lmas\u0131 i\u00e7in gereken i\u015flemleri kapsamaktad\u0131r. Deniz, demiryolu ve hava yolu ta\u015f\u0131mac\u0131l\u0131\u011f\u0131 gibi, <strong>karayolu ta\u015f\u0131mac\u0131l\u0131\u011f\u0131<\/strong>&#8216;n\u0131n da kendine ait bir ula\u015ft\u0131rma sistemi vard\u0131r. Karayolu ta\u015f\u0131mac\u0131l\u0131\u011f\u0131, yurt i\u00e7ine ve yurt d\u0131\u015f\u0131na forwarder veya freight forwarder hizmeti veren firmalarca ger\u00e7ekle\u015ftirilir.<\/p><p>Forwarder arac\u0131l\u0131\u011f\u0131yla olmas\u0131, yaln\u0131zca karayolu de\u011fil di\u011fer t\u00fcm ta\u015f\u0131mac\u0131l\u0131k t\u00fcrlerine hem zamandan hem de maliyetten kazand\u0131rmaktad\u0131r. \u00d6rne\u011fin, forwarder arac\u0131l\u0131\u011f\u0131yla yap\u0131lan bir ara\u00e7 y\u00fcklemesinde, konteyner i\u00e7ine s\u0131\u011fd\u0131r\u0131lan \u00fcr\u00fcn adedi, yeni model y\u00fckleme otomasyonlar\u0131 ve teknikleriyle artt\u0131r\u0131labilmekte ve daha fazla \u00fcr\u00fcne yer a\u00e7\u0131labilmektedir. Bu sayede hem daha fazla \u00fcr\u00fcn ta\u015f\u0131nm\u0131\u015f olmakta hem de \u00e7\u0131kabilecek ek bir ta\u015f\u0131mac\u0131l\u0131k masraf\u0131 ekarte edilmektedir; kaynak t\u00fcketimi neredeyse yar\u0131 yar\u0131ya azalmaktad\u0131r.<\/p>\t\t\t\t\t\t\t\t<\/div>\n\t\t\t\t<\/div>\n\t\t\t\t\t<\/div>\n\t\t<\/div>\n\t\t\t\t\t<\/div>\n\t\t<\/section>\n\t\t\t\t<section class=\"elementor-section elementor-top-section elementor-element elementor-element-53179af elementor-section-boxed elementor-section-height-default elementor-section-height-default\" data-id=\"53179af\" data-element_type=\"section\" data-settings=\"{&quot;background_background&quot;:&quot;classic&quot;}\">\n\t\t\t\t\t\t<div class=\"elementor-container elementor-column-gap-default\">\n\t\t\t\t\t<div class=\"elementor-column elementor-col-100 elementor-top-column elementor-element elementor-element-6eee5194\" data-id=\"6eee5194\" data-element_type=\"column\" data-settings=\"{&quot;background_background&quot;:&quot;classic&quot;}\">\n\t\t\t<div class=\"elementor-widget-wrap elementor-element-populated\">\n\t\t\t\t\t<div class=\"elementor-background-overlay\"><\/div>\n\t\t\t\t\t\t<div class=\"elementor-element elementor-element-6dd8afa elementor-widget elementor-widget-image\" data-id=\"6dd8afa\" data-element_type=\"widget\" data-widget_type=\"image.default\">\n\t\t\t\t<div class=\"elementor-widget-container\">\n\t\t\t\t\t\t\t\t\t\t\t\t\t\t\t<img fetchpriority=\"high\" decoding=\"async\" width=\"1700\" height=\"1133\" src=\"https:\/\/meosgloballojistik.com\/wp-content\/uploads\/2024\/03\/header-1ss.jpg\" class=\"attachment-full size-full wp-image-368\" alt=\"\" srcset=\"https:\/\/meosgloballojistik.com\/wp-content\/uploads\/2024\/03\/header-1ss.jpg 1700w, https:\/\/meosgloballojistik.com\/wp-content\/uploads\/2024\/03\/header-1ss-300x200.jpg 300w, https:\/\/meosgloballojistik.com\/wp-content\/uploads\/2024\/03\/header-1ss-1024x682.jpg 1024w, https:\/\/meosgloballojistik.com\/wp-content\/uploads\/2024\/03\/header-1ss-768x512.jpg 768w, https:\/\/meosgloballojistik.com\/wp-content\/uploads\/2024\/03\/header-1ss-1536x1024.jpg 1536w\" sizes=\"(max-width: 1700px) 100vw, 1700px\" \/>\t\t\t\t\t\t\t\t\t\t\t\t\t\t\t<\/div>\n\t\t\t\t<\/div>\n\t\t\t\t\t<\/div>\n\t\t<\/div>\n\t\t\t\t\t<\/div>\n\t\t<\/section>\n\t\t\t\t<section class=\"elementor-section elementor-top-section elementor-element elementor-element-6de4aa83 elementor-section-boxed elementor-section-height-default elementor-section-height-default\" data-id=\"6de4aa83\" data-element_type=\"section\">\n\t\t\t\t\t\t<div class=\"elementor-container elementor-column-gap-default\">\n\t\t\t\t\t<div class=\"elementor-column elementor-col-100 elementor-top-column elementor-element elementor-element-6da8d675\" data-id=\"6da8d675\" data-element_type=\"column\">\n\t\t\t<div class=\"elementor-widget-wrap elementor-element-populated\">\n\t\t\t\t\t\t<div class=\"elementor-element elementor-element-543a3500 elementor-widget elementor-widget-elementskit-heading\" data-id=\"543a3500\" data-element_type=\"widget\" data-widget_type=\"elementskit-heading.default\">\n\t\t\t\t<div class=\"elementor-widget-container\">\n\t\t\t\t\t<div class=\"ekit-wid-con\" ><div class=\"ekit-heading elementskit-section-title-wraper text_center   ekit_heading_tablet-   ekit_heading_mobile-\"><h2 class=\"ekit-heading--title elementskit-section-title \">Karayolu <span><span>Di\u011fer Hizmetler<\/span><\/span><\/h2><\/div><\/div>\t\t\t\t<\/div>\n\t\t\t\t<\/div>\n\t\t\t\t<div class=\"elementor-element elementor-element-1a587764 elementor-hidden-mobile elementor-invisible elementor-widget elementor-widget-image\" data-id=\"1a587764\" data-element_type=\"widget\" data-settings=\"{&quot;_animation&quot;:&quot;zoomIn&quot;}\" data-widget_type=\"image.default\">\n\t\t\t\t<div class=\"elementor-widget-container\">\n\t\t\t\t\t\t\t\t\t\t\t\t\t\t\t<img decoding=\"async\" width=\"792\" height=\"32\" src=\"https:\/\/meosgloballojistik.com\/wp-content\/uploads\/2024\/03\/step.png\" class=\"attachment-full size-full wp-image-49\" alt=\"\" srcset=\"https:\/\/meosgloballojistik.com\/wp-content\/uploads\/2024\/03\/step.png 792w, https:\/\/meosgloballojistik.com\/wp-content\/uploads\/2024\/03\/step-300x12.png 300w, https:\/\/meosgloballojistik.com\/wp-content\/uploads\/2024\/03\/step-768x31.png 768w\" sizes=\"(max-width: 792px) 100vw, 792px\" \/>\t\t\t\t\t\t\t\t\t\t\t\t\t\t\t<\/div>\n\t\t\t\t<\/div>\n\t\t\t\t\t<\/div>\n\t\t<\/div>\n\t\t\t\t\t<\/div>\n\t\t<\/section>\n\t\t\t\t<section class=\"elementor-section elementor-top-section elementor-element elementor-element-4d1bda60 elementor-section-boxed elementor-section-height-default elementor-section-height-default\" data-id=\"4d1bda60\" data-element_type=\"section\">\n\t\t\t\t\t\t<div class=\"elementor-container elementor-column-gap-default\">\n\t\t\t\t\t<div class=\"elementor-column elementor-col-33 elementor-top-column elementor-element elementor-element-2478538 elementor-invisible\" data-id=\"2478538\" data-element_type=\"column\" data-settings=\"{&quot;background_background&quot;:&quot;classic&quot;,&quot;animation&quot;:&quot;fadeInUp&quot;,&quot;animation_delay&quot;:500}\">\n\t\t\t<div class=\"elementor-widget-wrap elementor-element-populated\">\n\t\t\t\t\t\t<div class=\"elementor-element elementor-element-24417962 elementor-widget elementor-widget-heading\" data-id=\"24417962\" data-element_type=\"widget\" data-widget_type=\"heading.default\">\n\t\t\t\t<div class=\"elementor-widget-container\">\n\t\t\t\t\t<h4 class=\"elementor-heading-title elementor-size-default\">Karayolu<\/h4>\t\t\t\t<\/div>\n\t\t\t\t<\/div>\n\t\t\t\t<div class=\"elementor-element elementor-element-98eb9eb elementor-widget elementor-widget-text-editor\" data-id=\"98eb9eb\" data-element_type=\"widget\" data-widget_type=\"text-editor.default\">\n\t\t\t\t<div class=\"elementor-widget-container\">\n\t\t\t\t\t\t\t\t\t<p>Karayolu ta\u015f\u0131mac\u0131l\u0131\u011f\u0131 , ad\u0131ndan da <br \/>a\u00e7\u0131k\u00e7a anla\u015f\u0131labilece\u011fi \u00fczere, tedarik\u00e7i firmalar\u0131n sa\u011flad\u0131\u011f\u0131 \u00fcr\u00fcnlerin karayolu ara\u00e7lar\u0131&#8230;<\/p>\t\t\t\t\t\t\t\t<\/div>\n\t\t\t\t<\/div>\n\t\t\t\t\t<\/div>\n\t\t<\/div>\n\t\t\t\t<div class=\"elementor-column elementor-col-33 elementor-top-column elementor-element elementor-element-61e7cd7b elementor-invisible\" data-id=\"61e7cd7b\" data-element_type=\"column\" data-settings=\"{&quot;background_background&quot;:&quot;classic&quot;,&quot;animation&quot;:&quot;fadeInUp&quot;,&quot;animation_delay&quot;:1000}\">\n\t\t\t<div class=\"elementor-widget-wrap elementor-element-populated\">\n\t\t\t\t\t\t<div class=\"elementor-element elementor-element-7c14e3ac elementor-widget elementor-widget-heading\" data-id=\"7c14e3ac\" data-element_type=\"widget\" data-widget_type=\"heading.default\">\n\t\t\t\t<div class=\"elementor-widget-container\">\n\t\t\t\t\t<h4 class=\"elementor-heading-title elementor-size-default\">Parsiyel<\/h4>\t\t\t\t<\/div>\n\t\t\t\t<\/div>\n\t\t\t\t<div class=\"elementor-element elementor-element-4eecd1b2 elementor-widget elementor-widget-text-editor\" data-id=\"4eecd1b2\" data-element_type=\"widget\" data-widget_type=\"text-editor.default\">\n\t\t\t\t<div class=\"elementor-widget-container\">\n\t\t\t\t\t\t\t\t\t<p>Parsiyel da\u011f\u0131t\u0131m alan\u0131ndaki deneyimimiz sayesinde geli\u015fmi\u015f sevkiyat planlama uygulamalar\u0131n\u0131 kullanarak benzer &#8230;<\/p>\t\t\t\t\t\t\t\t<\/div>\n\t\t\t\t<\/div>\n\t\t\t\t\t<\/div>\n\t\t<\/div>\n\t\t\t\t<div class=\"elementor-column elementor-col-33 elementor-top-column elementor-element elementor-element-53e9ab2f elementor-invisible\" data-id=\"53e9ab2f\" data-element_type=\"column\" data-settings=\"{&quot;background_background&quot;:&quot;classic&quot;,&quot;animation&quot;:&quot;fadeInUp&quot;,&quot;animation_delay&quot;:1500}\">\n\t\t\t<div class=\"elementor-widget-wrap elementor-element-populated\">\n\t\t\t\t\t\t<div class=\"elementor-element elementor-element-4d0a865b elementor-widget elementor-widget-heading\" data-id=\"4d0a865b\" data-element_type=\"widget\" data-widget_type=\"heading.default\">\n\t\t\t\t<div class=\"elementor-widget-container\">\n\t\t\t\t\t<h4 class=\"elementor-heading-title elementor-size-default\">Express<\/h4>\t\t\t\t<\/div>\n\t\t\t\t<\/div>\n\t\t\t\t<div class=\"elementor-element elementor-element-65b96dfc elementor-widget elementor-widget-text-editor\" data-id=\"65b96dfc\" data-element_type=\"widget\" data-widget_type=\"text-editor.default\">\n\t\t\t\t<div class=\"elementor-widget-container\">\n\t\t\t\t\t\t\t\t\t<p>Havayolu ta\u015f\u0131mac\u0131l\u0131k \u015firketlerinin daha \u00e7ok tercih edildi\u011fi g\u00fcn\u00fcm\u00fczde ekspres ve karayolu ta\u015f\u0131mac\u0131l\u0131\u011f\u0131 da s\u0131kl\u0131kla kullan\u0131lmaktad\u0131r &#8230;<\/p>\t\t\t\t\t\t\t\t<\/div>\n\t\t\t\t<\/div>\n\t\t\t\t\t<\/div>\n\t\t<\/div>\n\t\t\t\t\t<\/div>\n\t\t<\/section>\n\t\t\t\t<\/div>\n\t\t","protected":false},"excerpt":{"rendered":"<p>Karayolu Ta\u015f\u0131mac\u0131l\u0131\u011f\u0131 Karayolu Ta\u015f\u0131mac\u0131l\u0131k Hizmetleri Karayolu ta\u015f\u0131mac\u0131l\u0131\u011f\u0131 , ad\u0131ndan da a\u00e7\u0131k\u00e7a anla\u015f\u0131labilece\u011fi \u00fczere, tedarik\u00e7i firmalar\u0131n sa\u011flad\u0131\u011f\u0131 \u00fcr\u00fcnlerin karayolu ara\u00e7lar\u0131 vas\u0131tas\u0131yla ta\u015f\u0131nmas\u0131 ve istenilen hedef lokasyona zaman\u0131nda, g\u00fcvenle, hasars\u0131z ve kalitesinden bir \u015fey kaybetmemi\u015f bir \u015fekilde ula\u015ft\u0131r\u0131lmas\u0131 i\u00e7in gereken i\u015flemleri kapsamaktad\u0131r. Deniz, demiryolu ve hava yolu ta\u015f\u0131mac\u0131l\u0131\u011f\u0131 gibi, karayolu ta\u015f\u0131mac\u0131l\u0131\u011f\u0131&#8216;n\u0131n da kendine ait bir ula\u015ft\u0131rma sistemi [&hellip;]<\/p>\n","protected":false},"author":1,"featured_media":0,"parent":0,"menu_order":0,"comment_status":"closed","ping_status":"closed","template":"elementor_header_footer","meta":{"footnotes":""},"class_list":["post-348","page","type-page","status-publish","hentry"],"yoast_head":"<!-- This site is optimized with the Yoast SEO plugin v24.5 - https:\/\/yoast.com\/wordpress\/plugins\/seo\/ -->\n<title>Karayolu Ta\u015f\u0131mac\u0131l\u0131\u011f\u0131 - Meos Global Lojistik<\/title>\n<meta name=\"robots\" content=\"index, follow, max-snippet:-1, max-image-preview:large, max-video-preview:-1\" \/>\n<link rel=\"canonical\" href=\"https:\/\/meosgloballojistik.com\/index.php\/karayolu-tasimaciligi\/\" \/>\n<meta property=\"og:locale\" content=\"tr_TR\" \/>\n<meta property=\"og:type\" content=\"article\" \/>\n<meta property=\"og:title\" content=\"Karayolu Ta\u015f\u0131mac\u0131l\u0131\u011f\u0131 - Meos Global Lojistik\" \/>\n<meta property=\"og:description\" content=\"Karayolu Ta\u015f\u0131mac\u0131l\u0131\u011f\u0131 Karayolu Ta\u015f\u0131mac\u0131l\u0131k Hizmetleri Karayolu ta\u015f\u0131mac\u0131l\u0131\u011f\u0131 , ad\u0131ndan da a\u00e7\u0131k\u00e7a anla\u015f\u0131labilece\u011fi \u00fczere, tedarik\u00e7i firmalar\u0131n sa\u011flad\u0131\u011f\u0131 \u00fcr\u00fcnlerin karayolu ara\u00e7lar\u0131 vas\u0131tas\u0131yla ta\u015f\u0131nmas\u0131 ve istenilen hedef lokasyona zaman\u0131nda, g\u00fcvenle, hasars\u0131z ve kalitesinden bir \u015fey kaybetmemi\u015f bir \u015fekilde ula\u015ft\u0131r\u0131lmas\u0131 i\u00e7in gereken i\u015flemleri kapsamaktad\u0131r. Deniz, demiryolu ve hava yolu ta\u015f\u0131mac\u0131l\u0131\u011f\u0131 gibi, karayolu ta\u015f\u0131mac\u0131l\u0131\u011f\u0131&#8216;n\u0131n da kendine ait bir ula\u015ft\u0131rma sistemi [&hellip;]\" \/>\n<meta property=\"og:url\" content=\"https:\/\/meosgloballojistik.com\/index.php\/karayolu-tasimaciligi\/\" \/>\n<meta property=\"og:site_name\" content=\"Meos Global Lojistik\" \/>\n<meta property=\"article:modified_time\" content=\"2024-03-22T07:49:21+00:00\" \/>\n<meta property=\"og:image\" content=\"http:\/\/meosgloballojistik.com\/wp-content\/uploads\/2024\/03\/header-1ss.jpg\" \/>\n<meta name=\"twitter:card\" content=\"summary_large_image\" \/>\n<meta name=\"twitter:label1\" content=\"Tahmini okuma s\u00fcresi\" \/>\n\t<meta name=\"twitter:data1\" content=\"1 dakika\" \/>\n<script type=\"application\/ld+json\" class=\"yoast-schema-graph\">{\"@context\":\"https:\/\/schema.org\",\"@graph\":[{\"@type\":\"WebPage\",\"@id\":\"https:\/\/meosgloballojistik.com\/index.php\/karayolu-tasimaciligi\/\",\"url\":\"https:\/\/meosgloballojistik.com\/index.php\/karayolu-tasimaciligi\/\",\"name\":\"Karayolu Ta\u015f\u0131mac\u0131l\u0131\u011f\u0131 - Meos Global Lojistik\",\"isPartOf\":{\"@id\":\"https:\/\/meosgloballojistik.com\/#website\"},\"primaryImageOfPage\":{\"@id\":\"https:\/\/meosgloballojistik.com\/index.php\/karayolu-tasimaciligi\/#primaryimage\"},\"image\":{\"@id\":\"https:\/\/meosgloballojistik.com\/index.php\/karayolu-tasimaciligi\/#primaryimage\"},\"thumbnailUrl\":\"http:\/\/meosgloballojistik.com\/wp-content\/uploads\/2024\/03\/header-1ss.jpg\",\"datePublished\":\"2024-03-21T11:08:21+00:00\",\"dateModified\":\"2024-03-22T07:49:21+00:00\",\"breadcrumb\":{\"@id\":\"https:\/\/meosgloballojistik.com\/index.php\/karayolu-tasimaciligi\/#breadcrumb\"},\"inLanguage\":\"tr\",\"potentialAction\":[{\"@type\":\"ReadAction\",\"target\":[\"https:\/\/meosgloballojistik.com\/index.php\/karayolu-tasimaciligi\/\"]}]},{\"@type\":\"ImageObject\",\"inLanguage\":\"tr\",\"@id\":\"https:\/\/meosgloballojistik.com\/index.php\/karayolu-tasimaciligi\/#primaryimage\",\"url\":\"http:\/\/meosgloballojistik.com\/wp-content\/uploads\/2024\/03\/header-1ss.jpg\",\"contentUrl\":\"http:\/\/meosgloballojistik.com\/wp-content\/uploads\/2024\/03\/header-1ss.jpg\"},{\"@type\":\"BreadcrumbList\",\"@id\":\"https:\/\/meosgloballojistik.com\/index.php\/karayolu-tasimaciligi\/#breadcrumb\",\"itemListElement\":[{\"@type\":\"ListItem\",\"position\":1,\"name\":\"Anasayfa\",\"item\":\"https:\/\/meosgloballojistik.com\/\"},{\"@type\":\"ListItem\",\"position\":2,\"name\":\"Karayolu Ta\u015f\u0131mac\u0131l\u0131\u011f\u0131\"}]},{\"@type\":\"WebSite\",\"@id\":\"https:\/\/meosgloballojistik.com\/#website\",\"url\":\"https:\/\/meosgloballojistik.com\/\",\"name\":\"Meos Global Lojistik\",\"description\":\"Lojistik, Ta\u015f\u0131mac\u0131l\u0131k, Nakliye\",\"publisher\":{\"@id\":\"https:\/\/meosgloballojistik.com\/#organization\"},\"alternateName\":\"Meos G\u00fcmr\u00fck\",\"potentialAction\":[{\"@type\":\"SearchAction\",\"target\":{\"@type\":\"EntryPoint\",\"urlTemplate\":\"https:\/\/meosgloballojistik.com\/?s={search_term_string}\"},\"query-input\":{\"@type\":\"PropertyValueSpecification\",\"valueRequired\":true,\"valueName\":\"search_term_string\"}}],\"inLanguage\":\"tr\"},{\"@type\":\"Organization\",\"@id\":\"https:\/\/meosgloballojistik.com\/#organization\",\"name\":\"Meos G\u00fcmr\u00fck M\u00fc\u015favirli\u011fi\",\"alternateName\":\"Global Lojistik Ta\u015f\u0131mac\u0131l\u0131k\",\"url\":\"https:\/\/meosgloballojistik.com\/\",\"logo\":{\"@type\":\"ImageObject\",\"inLanguage\":\"tr\",\"@id\":\"https:\/\/meosgloballojistik.com\/#\/schema\/logo\/image\/\",\"url\":\"https:\/\/meosgloballojistik.com\/wp-content\/uploads\/2024\/04\/Basliksiz-1s.jpg\",\"contentUrl\":\"https:\/\/meosgloballojistik.com\/wp-content\/uploads\/2024\/04\/Basliksiz-1s.jpg\",\"width\":296,\"height\":160,\"caption\":\"Meos G\u00fcmr\u00fck M\u00fc\u015favirli\u011fi\"},\"image\":{\"@id\":\"https:\/\/meosgloballojistik.com\/#\/schema\/logo\/image\/\"}}]}<\/script>\n<!-- \/ Yoast SEO plugin. -->","yoast_head_json":{"title":"Karayolu Ta\u015f\u0131mac\u0131l\u0131\u011f\u0131 - Meos Global Lojistik","robots":{"index":"index","follow":"follow","max-snippet":"max-snippet:-1","max-image-preview":"max-image-preview:large","max-video-preview":"max-video-preview:-1"},"canonical":"https:\/\/meosgloballojistik.com\/index.php\/karayolu-tasimaciligi\/","og_locale":"tr_TR","og_type":"article","og_title":"Karayolu Ta\u015f\u0131mac\u0131l\u0131\u011f\u0131 - Meos Global Lojistik","og_description":"Karayolu Ta\u015f\u0131mac\u0131l\u0131\u011f\u0131 Karayolu Ta\u015f\u0131mac\u0131l\u0131k Hizmetleri Karayolu ta\u015f\u0131mac\u0131l\u0131\u011f\u0131 , ad\u0131ndan da a\u00e7\u0131k\u00e7a anla\u015f\u0131labilece\u011fi \u00fczere, tedarik\u00e7i firmalar\u0131n sa\u011flad\u0131\u011f\u0131 \u00fcr\u00fcnlerin karayolu ara\u00e7lar\u0131 vas\u0131tas\u0131yla ta\u015f\u0131nmas\u0131 ve istenilen hedef lokasyona zaman\u0131nda, g\u00fcvenle, hasars\u0131z ve kalitesinden bir \u015fey kaybetmemi\u015f bir \u015fekilde ula\u015ft\u0131r\u0131lmas\u0131 i\u00e7in gereken i\u015flemleri kapsamaktad\u0131r. Deniz, demiryolu ve hava yolu ta\u015f\u0131mac\u0131l\u0131\u011f\u0131 gibi, karayolu ta\u015f\u0131mac\u0131l\u0131\u011f\u0131&#8216;n\u0131n da kendine ait bir ula\u015ft\u0131rma sistemi [&hellip;]","og_url":"https:\/\/meosgloballojistik.com\/index.php\/karayolu-tasimaciligi\/","og_site_name":"Meos Global Lojistik","article_modified_time":"2024-03-22T07:49:21+00:00","og_image":[{"url":"http:\/\/meosgloballojistik.com\/wp-content\/uploads\/2024\/03\/header-1ss.jpg","type":"","width":"","height":""}],"twitter_card":"summary_large_image","twitter_misc":{"Tahmini okuma s\u00fcresi":"1 dakika"},"schema":{"@context":"https:\/\/schema.org","@graph":[{"@type":"WebPage","@id":"https:\/\/meosgloballojistik.com\/index.php\/karayolu-tasimaciligi\/","url":"https:\/\/meosgloballojistik.com\/index.php\/karayolu-tasimaciligi\/","name":"Karayolu Ta\u015f\u0131mac\u0131l\u0131\u011f\u0131 - Meos Global Lojistik","isPartOf":{"@id":"https:\/\/meosgloballojistik.com\/#website"},"primaryImageOfPage":{"@id":"https:\/\/meosgloballojistik.com\/index.php\/karayolu-tasimaciligi\/#primaryimage"},"image":{"@id":"https:\/\/meosgloballojistik.com\/index.php\/karayolu-tasimaciligi\/#primaryimage"},"thumbnailUrl":"http:\/\/meosgloballojistik.com\/wp-content\/uploads\/2024\/03\/header-1ss.jpg","datePublished":"2024-03-21T11:08:21+00:00","dateModified":"2024-03-22T07:49:21+00:00","breadcrumb":{"@id":"https:\/\/meosgloballojistik.com\/index.php\/karayolu-tasimaciligi\/#breadcrumb"},"inLanguage":"tr","potentialAction":[{"@type":"ReadAction","target":["https:\/\/meosgloballojistik.com\/index.php\/karayolu-tasimaciligi\/"]}]},{"@type":"ImageObject","inLanguage":"tr","@id":"https:\/\/meosgloballojistik.com\/index.php\/karayolu-tasimaciligi\/#primaryimage","url":"http:\/\/meosgloballojistik.com\/wp-content\/uploads\/2024\/03\/header-1ss.jpg","contentUrl":"http:\/\/meosgloballojistik.com\/wp-content\/uploads\/2024\/03\/header-1ss.jpg"},{"@type":"BreadcrumbList","@id":"https:\/\/meosgloballojistik.com\/index.php\/karayolu-tasimaciligi\/#breadcrumb","itemListElement":[{"@type":"ListItem","position":1,"name":"Anasayfa","item":"https:\/\/meosgloballojistik.com\/"},{"@type":"ListItem","position":2,"name":"Karayolu Ta\u015f\u0131mac\u0131l\u0131\u011f\u0131"}]},{"@type":"WebSite","@id":"https:\/\/meosgloballojistik.com\/#website","url":"https:\/\/meosgloballojistik.com\/","name":"Meos Global Lojistik","description":"Lojistik, Ta\u015f\u0131mac\u0131l\u0131k, Nakliye","publisher":{"@id":"https:\/\/meosgloballojistik.com\/#organization"},"alternateName":"Meos G\u00fcmr\u00fck","potentialAction":[{"@type":"SearchAction","target":{"@type":"EntryPoint","urlTemplate":"https:\/\/meosgloballojistik.com\/?s={search_term_string}"},"query-input":{"@type":"PropertyValueSpecification","valueRequired":true,"valueName":"search_term_string"}}],"inLanguage":"tr"},{"@type":"Organization","@id":"https:\/\/meosgloballojistik.com\/#organization","name":"Meos G\u00fcmr\u00fck M\u00fc\u015favirli\u011fi","alternateName":"Global Lojistik Ta\u015f\u0131mac\u0131l\u0131k","url":"https:\/\/meosgloballojistik.com\/","logo":{"@type":"ImageObject","inLanguage":"tr","@id":"https:\/\/meosgloballojistik.com\/#\/schema\/logo\/image\/","url":"https:\/\/meosgloballojistik.com\/wp-content\/uploads\/2024\/04\/Basliksiz-1s.jpg","contentUrl":"https:\/\/meosgloballojistik.com\/wp-content\/uploads\/2024\/04\/Basliksiz-1s.jpg","width":296,"height":160,"caption":"Meos G\u00fcmr\u00fck M\u00fc\u015favirli\u011fi"},"image":{"@id":"https:\/\/meosgloballojistik.com\/#\/schema\/logo\/image\/"}}]}},"_links":{"self":[{"href":"https:\/\/meosgloballojistik.com\/index.php\/wp-json\/wp\/v2\/pages\/348","targetHints":{"allow":["GET"]}}],"collection":[{"href":"https:\/\/meosgloballojistik.com\/index.php\/wp-json\/wp\/v2\/pages"}],"about":[{"href":"https:\/\/meosgloballojistik.com\/index.php\/wp-json\/wp\/v2\/types\/page"}],"author":[{"embeddable":true,"href":"https:\/\/meosgloballojistik.com\/index.php\/wp-json\/wp\/v2\/users\/1"}],"replies":[{"embeddable":true,"href":"https:\/\/meosgloballojistik.com\/index.php\/wp-json\/wp\/v2\/comments?post=348"}],"version-history":[{"count":13,"href":"https:\/\/meosgloballojistik.com\/index.php\/wp-json\/wp\/v2\/pages\/348\/revisions"}],"predecessor-version":[{"id":390,"href":"https:\/\/meosgloballojistik.com\/index.php\/wp-json\/wp\/v2\/pages\/348\/revisions\/390"}],"wp:attachment":[{"href":"https:\/\/meosgloballojistik.com\/index.php\/wp-json\/wp\/v2\/media?parent=348"}],"curies":[{"name":"wp","href":"https:\/\/api.w.org\/{rel}","templated":true}]}}