{"id":188,"date":"2024-03-20T22:16:28","date_gmt":"2024-03-20T19:16:28","guid":{"rendered":"http:\/\/meosgloballojistik.com\/?page_id=188"},"modified":"2025-02-21T11:17:44","modified_gmt":"2025-02-21T08:17:44","slug":"hakkimizda","status":"publish","type":"page","link":"https:\/\/meosgloballojistik.com\/index.php\/hakkimizda\/","title":{"rendered":"Hakk\u0131m\u0131zda"},"content":{"rendered":"\t\t<div data-elementor-type=\"wp-page\" data-elementor-id=\"188\" class=\"elementor elementor-188\">\n\t\t\t\t\t\t<section class=\"elementor-section elementor-top-section elementor-element elementor-element-5ad4bbd7 elementor-section-height-min-height elementor-section-boxed elementor-section-height-default elementor-section-items-middle\" data-id=\"5ad4bbd7\" data-element_type=\"section\" data-settings=\"{&quot;background_background&quot;:&quot;classic&quot;}\">\n\t\t\t\t\t\t\t<div class=\"elementor-background-overlay\"><\/div>\n\t\t\t\t\t\t\t<div class=\"elementor-container elementor-column-gap-default\">\n\t\t\t\t\t<div class=\"elementor-column elementor-col-100 elementor-top-column elementor-element elementor-element-26553d58\" data-id=\"26553d58\" data-element_type=\"column\">\n\t\t\t<div class=\"elementor-widget-wrap elementor-element-populated\">\n\t\t\t\t\t\t<div class=\"elementor-element elementor-element-4cc5f6ab elementor-invisible elementor-widget elementor-widget-heading\" data-id=\"4cc5f6ab\" data-element_type=\"widget\" data-settings=\"{&quot;_animation&quot;:&quot;fadeInDown&quot;}\" data-widget_type=\"heading.default\">\n\t\t\t\t<div class=\"elementor-widget-container\">\n\t\t\t\t\t<h1 class=\"elementor-heading-title elementor-size-default\">Hakk\u0131m\u0131zda<\/h1>\t\t\t\t<\/div>\n\t\t\t\t<\/div>\n\t\t\t\t\t<\/div>\n\t\t<\/div>\n\t\t\t\t\t<\/div>\n\t\t<\/section>\n\t\t\t\t<section class=\"elementor-section elementor-top-section elementor-element elementor-element-45b8348b elementor-section-boxed elementor-section-height-default elementor-section-height-default\" data-id=\"45b8348b\" data-element_type=\"section\" data-settings=\"{&quot;background_background&quot;:&quot;classic&quot;}\">\n\t\t\t\t\t\t<div class=\"elementor-container elementor-column-gap-default\">\n\t\t\t\t\t<div class=\"elementor-column elementor-col-100 elementor-top-column elementor-element elementor-element-628abc4b\" data-id=\"628abc4b\" data-element_type=\"column\">\n\t\t\t<div class=\"elementor-widget-wrap elementor-element-populated\">\n\t\t\t\t\t\t<div class=\"elementor-element elementor-element-42a6319d elementor-widget elementor-widget-heading\" data-id=\"42a6319d\" data-element_type=\"widget\" data-widget_type=\"heading.default\">\n\t\t\t\t<div class=\"elementor-widget-container\">\n\t\t\t\t\t<h5 class=\"elementor-heading-title elementor-size-default\">Hakk\u0131m\u0131zda<\/h5>\t\t\t\t<\/div>\n\t\t\t\t<\/div>\n\t\t\t\t\t<\/div>\n\t\t<\/div>\n\t\t\t\t\t<\/div>\n\t\t<\/section>\n\t\t\t\t<section class=\"elementor-section elementor-top-section elementor-element elementor-element-13dd2dac elementor-section-boxed elementor-section-height-default elementor-section-height-default\" data-id=\"13dd2dac\" data-element_type=\"section\" data-settings=\"{&quot;background_background&quot;:&quot;classic&quot;}\">\n\t\t\t\t\t\t<div class=\"elementor-container elementor-column-gap-default\">\n\t\t\t\t\t<div class=\"elementor-column elementor-col-33 elementor-top-column elementor-element elementor-element-74a45b3\" data-id=\"74a45b3\" data-element_type=\"column\">\n\t\t\t<div class=\"elementor-widget-wrap elementor-element-populated\">\n\t\t\t\t\t\t<div class=\"elementor-element elementor-element-595b7458 elementor-widget elementor-widget-text-editor\" data-id=\"595b7458\" data-element_type=\"widget\" data-widget_type=\"text-editor.default\">\n\t\t\t\t<div class=\"elementor-widget-container\">\n\t\t\t\t\t\t\t\t\t<p>G\u00fcmr\u00fckleme ve Lojistik ta\u015f\u0131mac\u0131l\u0131k alan\u0131nda s\u00fcrekli geli\u015fen sekt\u00f6rde daima ileriyi hedefliyor ve m\u00fc\u015fteri memnuniyetini en \u00fcst d\u00fczeyde tutmaya \u00e7al\u0131\u015f\u0131yoruz.<\/p>\t\t\t\t\t\t\t\t<\/div>\n\t\t\t\t<\/div>\n\t\t\t\t\t<\/div>\n\t\t<\/div>\n\t\t\t\t<div class=\"elementor-column elementor-col-33 elementor-top-column elementor-element elementor-element-10781562\" data-id=\"10781562\" data-element_type=\"column\">\n\t\t\t<div class=\"elementor-widget-wrap elementor-element-populated\">\n\t\t\t\t\t\t<div class=\"elementor-element elementor-element-1801ff69 elementor-widget elementor-widget-text-editor\" data-id=\"1801ff69\" data-element_type=\"widget\" data-widget_type=\"text-editor.default\">\n\t\t\t\t<div class=\"elementor-widget-container\">\n\t\t\t\t\t\t\t\t\t<p>Meos g\u00fcmr\u00fckleme olarak ba\u015flad\u0131\u011f\u0131m\u0131z bu yolda m\u00fc\u015fterilerimize daha iyi hizmet vermek ad\u0131na Meos global lojisti\u011fi kurduk meos g\u00fcmr\u00fck ve meos global lojisti\u011fi kuruldu\u011fu y\u0131llardan bu yana uluslararas\u0131 nakliye konteyner hava yolar\u0131 karayollar\u0131 parsiyel ve multimodal ta\u015f\u0131mac\u0131l\u0131k alan\u0131nda hizmet veren bir \u015firket iken, bug\u00fcn gelinen noktada u\u00e7tan uca \u00e7\u00f6z\u00fcm sunan bir lojistik \u015firketine d\u00f6n\u00fc\u015fm\u00fc\u015ft\u00fcr.<span class=\"Apple-converted-space\">\u00a0<\/span><\/p><p>Meos global lojistik tedarik zinciri y\u00f6netiminde verdi\u011fi katma de\u011ferli lojistik hizmetleriyle ulusal ve uluslararas\u0131 m\u00fc\u015fterilerinin uzun y\u0131llard\u0131r g\u00fcvenilir \u00e7\u00f6z\u00fcm orta\u011f\u0131d\u0131r.<\/p>\t\t\t\t\t\t\t\t<\/div>\n\t\t\t\t<\/div>\n\t\t\t\t\t<\/div>\n\t\t<\/div>\n\t\t\t\t<div class=\"elementor-column elementor-col-33 elementor-top-column elementor-element elementor-element-284b4cc\" data-id=\"284b4cc\" data-element_type=\"column\">\n\t\t\t<div class=\"elementor-widget-wrap elementor-element-populated\">\n\t\t\t\t\t\t<div class=\"elementor-element elementor-element-111f18fc elementor-widget elementor-widget-text-editor\" data-id=\"111f18fc\" data-element_type=\"widget\" data-widget_type=\"text-editor.default\">\n\t\t\t\t<div class=\"elementor-widget-container\">\n\t\t\t\t\t\t\t\t\t<p>Meos global lojistik sekt\u00f6r\u00fcnde sa\u011flad\u0131\u011f\u0131 y\u00fcksek m\u00fc\u015fteri memnuniyetini; tedarik zincirinin her a\u015famas\u0131nda uygulad\u0131\u011f\u0131 do\u011fru, h\u0131zl\u0131, hatas\u0131z, s\u00fcrekli ve \u015feffaf i\u015f yapma prensibiyle olu\u015fturmu\u015ftur. Sahip oldu\u011fu deneyimli ve uzman kadrosu, g\u00fc\u00e7l\u00fc ara\u00e7 filosu ve ekipman donan\u0131m\u0131, ileri IT teknolojileri ve Ar-Ge ekibi, yurt i\u00e7i ve yurt d\u0131\u015f\u0131na yay\u0131lm\u0131\u015f ofisleri, sahip oldu\u011fu y\u00fcksek kapasiteli depo ve antrepolar\u0131, m\u00fc\u015fteri ihtiya\u00e7lar\u0131na \u00f6zel esnek ve inovatif lojistik hizmetleri sunar. D\u00fcnya geneline yay\u0131lm\u0131\u015f uluslararas\u0131 g\u00fc\u00e7l\u00fc global network a\u011f\u0131 ile Meos global lojistik, m\u00fc\u015fterilerinin d\u00fcnya \u00e7ap\u0131ndaki lojistik ihtiya\u00e7lar\u0131na k\u00fcresel \u00f6l\u00e7ekte \u00e7\u00f6z\u00fcm getiren deneyimli bir y\u00f6netim uzman\u0131d\u0131r.<\/p>\t\t\t\t\t\t\t\t<\/div>\n\t\t\t\t<\/div>\n\t\t\t\t\t<\/div>\n\t\t<\/div>\n\t\t\t\t\t<\/div>\n\t\t<\/section>\n\t\t\t\t<section class=\"elementor-section elementor-top-section elementor-element elementor-element-53179af elementor-section-boxed elementor-section-height-default elementor-section-height-default\" data-id=\"53179af\" data-element_type=\"section\" data-settings=\"{&quot;background_background&quot;:&quot;classic&quot;}\">\n\t\t\t\t\t\t<div class=\"elementor-container elementor-column-gap-default\">\n\t\t\t\t\t<div class=\"elementor-column elementor-col-100 elementor-top-column elementor-element elementor-element-6eee5194\" data-id=\"6eee5194\" data-element_type=\"column\" data-settings=\"{&quot;background_background&quot;:&quot;classic&quot;}\">\n\t\t\t<div class=\"elementor-widget-wrap elementor-element-populated\">\n\t\t\t\t\t<div class=\"elementor-background-overlay\"><\/div>\n\t\t\t\t\t\t<div class=\"elementor-element elementor-element-6ac3ef4a elementor-widget__width-auto elementor-invisible elementor-widget elementor-widget-elementskit-video\" data-id=\"6ac3ef4a\" data-element_type=\"widget\" data-settings=\"{&quot;_animation&quot;:&quot;zoomIn&quot;,&quot;_animation_delay&quot;:1000}\" data-widget_type=\"elementskit-video.default\">\n\t\t\t\t<div class=\"elementor-widget-container\">\n\t\t\t\t\t<div class=\"ekit-wid-con\" >\t\t<div class=\"video-content\" data-video-player=\"[&quot;playpause&quot;,&quot;current&quot;,&quot;progress&quot;,&quot;duration&quot;,&quot;volume&quot;]\" data-video-setting=\"{&quot;videoVolume&quot;:&quot;horizontal&quot;,&quot;startVolume&quot;:0.8,&quot;videoType&quot;:&quot;inline&quot;,&quot;videoClass&quot;:&quot;ekit_self_video_wrap_content&quot;}\">\n\t\t\t\n<a class=\"ekit_icon_button ekit-video-popup ekit-video-popup-btn\" href=\"#test-popup-link6ac3ef4a\" aria-label=\"video-popup\">\n\t\t\t\t<i aria-hidden=\"true\" class=\"icon icon-play-button\"><\/i>\t\t<\/a>\n\t\t\t\t<div id=\"test-popup-link6ac3ef4a\" class=\"mfp-hide ekit_self_video_wrap\">\n\t\t\t\t\t<video class=\"video_class\" preload=\"none\" controls=\"\" poster=\"\" >\n\t\t\t\t\t\t<source type=\"video\/mp4\" src=\"https:\/\/meosgloballojistik.com\/wp-content\/uploads\/2025\/02\/Filmim-2.mp4\" \/>\n\t\t\t\t\t<\/video>\n\t\t\t\t<\/div>\n\t\t\t\t\t<\/div>\n\t\t<\/div>\t\t\t\t<\/div>\n\t\t\t\t<\/div>\n\t\t\t\t\t<\/div>\n\t\t<\/div>\n\t\t\t\t\t<\/div>\n\t\t<\/section>\n\t\t\t\t<section class=\"elementor-section elementor-top-section elementor-element elementor-element-6de4aa83 elementor-section-boxed elementor-section-height-default elementor-section-height-default\" data-id=\"6de4aa83\" data-element_type=\"section\">\n\t\t\t\t\t\t<div class=\"elementor-container elementor-column-gap-default\">\n\t\t\t\t\t<div class=\"elementor-column elementor-col-100 elementor-top-column elementor-element elementor-element-6da8d675\" data-id=\"6da8d675\" data-element_type=\"column\">\n\t\t\t<div class=\"elementor-widget-wrap elementor-element-populated\">\n\t\t\t\t\t\t<div class=\"elementor-element elementor-element-543a3500 elementor-widget elementor-widget-elementskit-heading\" data-id=\"543a3500\" data-element_type=\"widget\" data-widget_type=\"elementskit-heading.default\">\n\t\t\t\t<div class=\"elementor-widget-container\">\n\t\t\t\t\t<div class=\"ekit-wid-con\" ><div class=\"ekit-heading elementskit-section-title-wraper text_center   ekit_heading_tablet-   ekit_heading_mobile-\"><h2 class=\"ekit-heading--title elementskit-section-title \">\u015eirket <span><span>Politikam\u0131z<\/span><\/span><\/h2><\/div><\/div>\t\t\t\t<\/div>\n\t\t\t\t<\/div>\n\t\t\t\t<div class=\"elementor-element elementor-element-1a587764 elementor-hidden-mobile elementor-invisible elementor-widget elementor-widget-image\" data-id=\"1a587764\" data-element_type=\"widget\" data-settings=\"{&quot;_animation&quot;:&quot;zoomIn&quot;}\" data-widget_type=\"image.default\">\n\t\t\t\t<div class=\"elementor-widget-container\">\n\t\t\t\t\t\t\t\t\t\t\t\t\t\t\t<img decoding=\"async\" width=\"792\" height=\"32\" src=\"https:\/\/meosgloballojistik.com\/wp-content\/uploads\/2024\/03\/step.png\" class=\"attachment-full size-full wp-image-49\" alt=\"\" srcset=\"https:\/\/meosgloballojistik.com\/wp-content\/uploads\/2024\/03\/step.png 792w, https:\/\/meosgloballojistik.com\/wp-content\/uploads\/2024\/03\/step-300x12.png 300w, https:\/\/meosgloballojistik.com\/wp-content\/uploads\/2024\/03\/step-768x31.png 768w\" sizes=\"(max-width: 792px) 100vw, 792px\" \/>\t\t\t\t\t\t\t\t\t\t\t\t\t\t\t<\/div>\n\t\t\t\t<\/div>\n\t\t\t\t\t<\/div>\n\t\t<\/div>\n\t\t\t\t\t<\/div>\n\t\t<\/section>\n\t\t\t\t<section class=\"elementor-section elementor-top-section elementor-element elementor-element-4d1bda60 elementor-section-boxed elementor-section-height-default elementor-section-height-default\" data-id=\"4d1bda60\" data-element_type=\"section\">\n\t\t\t\t\t\t<div class=\"elementor-container elementor-column-gap-default\">\n\t\t\t\t\t<div class=\"elementor-column elementor-col-33 elementor-top-column elementor-element elementor-element-2478538 elementor-invisible\" data-id=\"2478538\" data-element_type=\"column\" data-settings=\"{&quot;background_background&quot;:&quot;classic&quot;,&quot;animation&quot;:&quot;fadeInUp&quot;,&quot;animation_delay&quot;:500}\">\n\t\t\t<div class=\"elementor-widget-wrap elementor-element-populated\">\n\t\t\t\t\t\t<div class=\"elementor-element elementor-element-24417962 elementor-widget elementor-widget-heading\" data-id=\"24417962\" data-element_type=\"widget\" data-widget_type=\"heading.default\">\n\t\t\t\t<div class=\"elementor-widget-container\">\n\t\t\t\t\t<h4 class=\"elementor-heading-title elementor-size-default\">Vizyonumuz<\/h4>\t\t\t\t<\/div>\n\t\t\t\t<\/div>\n\t\t\t\t<div class=\"elementor-element elementor-element-98eb9eb elementor-widget elementor-widget-text-editor\" data-id=\"98eb9eb\" data-element_type=\"widget\" data-widget_type=\"text-editor.default\">\n\t\t\t\t<div class=\"elementor-widget-container\">\n\t\t\t\t\t\t\t\t\t<p>Herkesin, d\u00fcnyan\u0131n d\u00f6rt bir yan\u0131na yapaca\u011f\u0131 ticari faaliyetleri kolayla\u015ft\u0131rmak i\u00e7in A\u2019dan Z\u2019ye tam bir tedarik zinciri hizmeti geli\u015ftirmek<\/p>\t\t\t\t\t\t\t\t<\/div>\n\t\t\t\t<\/div>\n\t\t\t\t\t<\/div>\n\t\t<\/div>\n\t\t\t\t<div class=\"elementor-column elementor-col-33 elementor-top-column elementor-element elementor-element-61e7cd7b elementor-invisible\" data-id=\"61e7cd7b\" data-element_type=\"column\" data-settings=\"{&quot;background_background&quot;:&quot;classic&quot;,&quot;animation&quot;:&quot;fadeInUp&quot;,&quot;animation_delay&quot;:1000}\">\n\t\t\t<div class=\"elementor-widget-wrap elementor-element-populated\">\n\t\t\t\t\t\t<div class=\"elementor-element elementor-element-7c14e3ac elementor-widget elementor-widget-heading\" data-id=\"7c14e3ac\" data-element_type=\"widget\" data-widget_type=\"heading.default\">\n\t\t\t\t<div class=\"elementor-widget-container\">\n\t\t\t\t\t<h4 class=\"elementor-heading-title elementor-size-default\">Misyonumuz<\/h4>\t\t\t\t<\/div>\n\t\t\t\t<\/div>\n\t\t\t\t<div class=\"elementor-element elementor-element-4eecd1b2 elementor-widget elementor-widget-text-editor\" data-id=\"4eecd1b2\" data-element_type=\"widget\" data-widget_type=\"text-editor.default\">\n\t\t\t\t<div class=\"elementor-widget-container\">\n\t\t\t\t\t\t\t\t\t<p>\u0130novasyon ve s\u00fcrd\u00fcr\u00fclebilirlik mottosuyla, m\u00fc\u015fterilerimizin ihtiya\u00e7lar\u0131na \u00f6zel \u00e7\u00f6z\u00fcmlerle ulusal ve uluslararas\u0131 faaliyetlerini destekleyerek kal\u0131c\u0131 bir i\u015f orta\u011f\u0131 olmak.<\/p>\t\t\t\t\t\t\t\t<\/div>\n\t\t\t\t<\/div>\n\t\t\t\t\t<\/div>\n\t\t<\/div>\n\t\t\t\t<div class=\"elementor-column elementor-col-33 elementor-top-column elementor-element elementor-element-53e9ab2f elementor-invisible\" data-id=\"53e9ab2f\" data-element_type=\"column\" data-settings=\"{&quot;background_background&quot;:&quot;classic&quot;,&quot;animation&quot;:&quot;fadeInUp&quot;,&quot;animation_delay&quot;:1500}\">\n\t\t\t<div class=\"elementor-widget-wrap elementor-element-populated\">\n\t\t\t\t\t\t<div class=\"elementor-element elementor-element-4d0a865b elementor-widget elementor-widget-heading\" data-id=\"4d0a865b\" data-element_type=\"widget\" data-widget_type=\"heading.default\">\n\t\t\t\t<div class=\"elementor-widget-container\">\n\t\t\t\t\t<h4 class=\"elementor-heading-title elementor-size-default\">Firma Politikam\u0131z<\/h4>\t\t\t\t<\/div>\n\t\t\t\t<\/div>\n\t\t\t\t<div class=\"elementor-element elementor-element-65b96dfc elementor-widget elementor-widget-text-editor\" data-id=\"65b96dfc\" data-element_type=\"widget\" data-widget_type=\"text-editor.default\">\n\t\t\t\t<div class=\"elementor-widget-container\">\n\t\t\t\t\t\t\t\t\t<ul><li>\u00d6nce m\u00fc\u015fteri<\/li><li>\u00c7\u00f6z\u00fcm odakl\u0131l\u0131k<\/li><li>S\u00fcrekli yenilik<\/li><li>Y\u00fcksek Teknoloji<\/li><li>G\u00fcvenilir<\/li><li>Kalite Odakl\u0131<\/li><\/ul>\t\t\t\t\t\t\t\t<\/div>\n\t\t\t\t<\/div>\n\t\t\t\t\t<\/div>\n\t\t<\/div>\n\t\t\t\t\t<\/div>\n\t\t<\/section>\n\t\t\t\t<\/div>\n\t\t","protected":false},"excerpt":{"rendered":"<p>Hakk\u0131m\u0131zda Hakk\u0131m\u0131zda G\u00fcmr\u00fckleme ve Lojistik ta\u015f\u0131mac\u0131l\u0131k alan\u0131nda s\u00fcrekli geli\u015fen sekt\u00f6rde daima ileriyi hedefliyor ve m\u00fc\u015fteri memnuniyetini en \u00fcst d\u00fczeyde tutmaya \u00e7al\u0131\u015f\u0131yoruz. Meos g\u00fcmr\u00fckleme olarak ba\u015flad\u0131\u011f\u0131m\u0131z bu yolda m\u00fc\u015fterilerimize daha iyi hizmet vermek ad\u0131na Meos global lojisti\u011fi kurduk meos g\u00fcmr\u00fck ve meos global lojisti\u011fi kuruldu\u011fu y\u0131llardan bu yana uluslararas\u0131 nakliye konteyner hava yolar\u0131 karayollar\u0131 parsiyel ve [&hellip;]<\/p>\n","protected":false},"author":1,"featured_media":0,"parent":0,"menu_order":0,"comment_status":"closed","ping_status":"closed","template":"elementor_header_footer","meta":{"footnotes":""},"class_list":["post-188","page","type-page","status-publish","hentry"],"yoast_head":"<!-- This site is optimized with the Yoast SEO plugin v24.5 - https:\/\/yoast.com\/wordpress\/plugins\/seo\/ -->\n<title>Hakk\u0131m\u0131zda - Meos Global Lojistik<\/title>\n<meta name=\"robots\" content=\"index, follow, max-snippet:-1, max-image-preview:large, max-video-preview:-1\" \/>\n<link rel=\"canonical\" href=\"https:\/\/meosgloballojistik.com\/index.php\/hakkimizda\/\" \/>\n<meta property=\"og:locale\" content=\"tr_TR\" \/>\n<meta property=\"og:type\" content=\"article\" \/>\n<meta property=\"og:title\" content=\"Hakk\u0131m\u0131zda - Meos Global Lojistik\" \/>\n<meta property=\"og:description\" content=\"Hakk\u0131m\u0131zda Hakk\u0131m\u0131zda G\u00fcmr\u00fckleme ve Lojistik ta\u015f\u0131mac\u0131l\u0131k alan\u0131nda s\u00fcrekli geli\u015fen sekt\u00f6rde daima ileriyi hedefliyor ve m\u00fc\u015fteri memnuniyetini en \u00fcst d\u00fczeyde tutmaya \u00e7al\u0131\u015f\u0131yoruz. Meos g\u00fcmr\u00fckleme olarak ba\u015flad\u0131\u011f\u0131m\u0131z bu yolda m\u00fc\u015fterilerimize daha iyi hizmet vermek ad\u0131na Meos global lojisti\u011fi kurduk meos g\u00fcmr\u00fck ve meos global lojisti\u011fi kuruldu\u011fu y\u0131llardan bu yana uluslararas\u0131 nakliye konteyner hava yolar\u0131 karayollar\u0131 parsiyel ve [&hellip;]\" \/>\n<meta property=\"og:url\" content=\"https:\/\/meosgloballojistik.com\/index.php\/hakkimizda\/\" \/>\n<meta property=\"og:site_name\" content=\"Meos Global Lojistik\" \/>\n<meta property=\"article:modified_time\" content=\"2025-02-21T08:17:44+00:00\" \/>\n<meta property=\"og:image\" content=\"https:\/\/meosgloballojistik.com\/wp-content\/uploads\/2024\/03\/step.png\" \/>\n\t<meta property=\"og:image:width\" content=\"792\" \/>\n\t<meta property=\"og:image:height\" content=\"32\" \/>\n\t<meta property=\"og:image:type\" content=\"image\/png\" \/>\n<meta name=\"twitter:card\" content=\"summary_large_image\" \/>\n<meta name=\"twitter:label1\" content=\"Tahmini okuma s\u00fcresi\" \/>\n\t<meta name=\"twitter:data1\" content=\"2 dakika\" \/>\n<script type=\"application\/ld+json\" class=\"yoast-schema-graph\">{\"@context\":\"https:\/\/schema.org\",\"@graph\":[{\"@type\":\"WebPage\",\"@id\":\"https:\/\/meosgloballojistik.com\/index.php\/hakkimizda\/\",\"url\":\"https:\/\/meosgloballojistik.com\/index.php\/hakkimizda\/\",\"name\":\"Hakk\u0131m\u0131zda - Meos Global Lojistik\",\"isPartOf\":{\"@id\":\"https:\/\/meosgloballojistik.com\/#website\"},\"primaryImageOfPage\":{\"@id\":\"https:\/\/meosgloballojistik.com\/index.php\/hakkimizda\/#primaryimage\"},\"image\":{\"@id\":\"https:\/\/meosgloballojistik.com\/index.php\/hakkimizda\/#primaryimage\"},\"thumbnailUrl\":\"https:\/\/meosgloballojistik.com\/wp-content\/uploads\/2024\/03\/step.png\",\"datePublished\":\"2024-03-20T19:16:28+00:00\",\"dateModified\":\"2025-02-21T08:17:44+00:00\",\"breadcrumb\":{\"@id\":\"https:\/\/meosgloballojistik.com\/index.php\/hakkimizda\/#breadcrumb\"},\"inLanguage\":\"tr\",\"potentialAction\":[{\"@type\":\"ReadAction\",\"target\":[\"https:\/\/meosgloballojistik.com\/index.php\/hakkimizda\/\"]}]},{\"@type\":\"ImageObject\",\"inLanguage\":\"tr\",\"@id\":\"https:\/\/meosgloballojistik.com\/index.php\/hakkimizda\/#primaryimage\",\"url\":\"https:\/\/meosgloballojistik.com\/wp-content\/uploads\/2024\/03\/step.png\",\"contentUrl\":\"https:\/\/meosgloballojistik.com\/wp-content\/uploads\/2024\/03\/step.png\",\"width\":792,\"height\":32},{\"@type\":\"BreadcrumbList\",\"@id\":\"https:\/\/meosgloballojistik.com\/index.php\/hakkimizda\/#breadcrumb\",\"itemListElement\":[{\"@type\":\"ListItem\",\"position\":1,\"name\":\"Anasayfa\",\"item\":\"https:\/\/meosgloballojistik.com\/\"},{\"@type\":\"ListItem\",\"position\":2,\"name\":\"Hakk\u0131m\u0131zda\"}]},{\"@type\":\"WebSite\",\"@id\":\"https:\/\/meosgloballojistik.com\/#website\",\"url\":\"https:\/\/meosgloballojistik.com\/\",\"name\":\"Meos Global Lojistik\",\"description\":\"Lojistik, Ta\u015f\u0131mac\u0131l\u0131k, Nakliye\",\"publisher\":{\"@id\":\"https:\/\/meosgloballojistik.com\/#organization\"},\"alternateName\":\"Meos G\u00fcmr\u00fck\",\"potentialAction\":[{\"@type\":\"SearchAction\",\"target\":{\"@type\":\"EntryPoint\",\"urlTemplate\":\"https:\/\/meosgloballojistik.com\/?s={search_term_string}\"},\"query-input\":{\"@type\":\"PropertyValueSpecification\",\"valueRequired\":true,\"valueName\":\"search_term_string\"}}],\"inLanguage\":\"tr\"},{\"@type\":\"Organization\",\"@id\":\"https:\/\/meosgloballojistik.com\/#organization\",\"name\":\"Meos G\u00fcmr\u00fck M\u00fc\u015favirli\u011fi\",\"alternateName\":\"Global Lojistik Ta\u015f\u0131mac\u0131l\u0131k\",\"url\":\"https:\/\/meosgloballojistik.com\/\",\"logo\":{\"@type\":\"ImageObject\",\"inLanguage\":\"tr\",\"@id\":\"https:\/\/meosgloballojistik.com\/#\/schema\/logo\/image\/\",\"url\":\"https:\/\/meosgloballojistik.com\/wp-content\/uploads\/2024\/04\/Basliksiz-1s.jpg\",\"contentUrl\":\"https:\/\/meosgloballojistik.com\/wp-content\/uploads\/2024\/04\/Basliksiz-1s.jpg\",\"width\":296,\"height\":160,\"caption\":\"Meos G\u00fcmr\u00fck M\u00fc\u015favirli\u011fi\"},\"image\":{\"@id\":\"https:\/\/meosgloballojistik.com\/#\/schema\/logo\/image\/\"}}]}<\/script>\n<!-- \/ Yoast SEO plugin. -->","yoast_head_json":{"title":"Hakk\u0131m\u0131zda - Meos Global Lojistik","robots":{"index":"index","follow":"follow","max-snippet":"max-snippet:-1","max-image-preview":"max-image-preview:large","max-video-preview":"max-video-preview:-1"},"canonical":"https:\/\/meosgloballojistik.com\/index.php\/hakkimizda\/","og_locale":"tr_TR","og_type":"article","og_title":"Hakk\u0131m\u0131zda - Meos Global Lojistik","og_description":"Hakk\u0131m\u0131zda Hakk\u0131m\u0131zda G\u00fcmr\u00fckleme ve Lojistik ta\u015f\u0131mac\u0131l\u0131k alan\u0131nda s\u00fcrekli geli\u015fen sekt\u00f6rde daima ileriyi hedefliyor ve m\u00fc\u015fteri memnuniyetini en \u00fcst d\u00fczeyde tutmaya \u00e7al\u0131\u015f\u0131yoruz. Meos g\u00fcmr\u00fckleme olarak ba\u015flad\u0131\u011f\u0131m\u0131z bu yolda m\u00fc\u015fterilerimize daha iyi hizmet vermek ad\u0131na Meos global lojisti\u011fi kurduk meos g\u00fcmr\u00fck ve meos global lojisti\u011fi kuruldu\u011fu y\u0131llardan bu yana uluslararas\u0131 nakliye konteyner hava yolar\u0131 karayollar\u0131 parsiyel ve [&hellip;]","og_url":"https:\/\/meosgloballojistik.com\/index.php\/hakkimizda\/","og_site_name":"Meos Global Lojistik","article_modified_time":"2025-02-21T08:17:44+00:00","og_image":[{"width":792,"height":32,"url":"https:\/\/meosgloballojistik.com\/wp-content\/uploads\/2024\/03\/step.png","type":"image\/png"}],"twitter_card":"summary_large_image","twitter_misc":{"Tahmini okuma s\u00fcresi":"2 dakika"},"schema":{"@context":"https:\/\/schema.org","@graph":[{"@type":"WebPage","@id":"https:\/\/meosgloballojistik.com\/index.php\/hakkimizda\/","url":"https:\/\/meosgloballojistik.com\/index.php\/hakkimizda\/","name":"Hakk\u0131m\u0131zda - Meos Global Lojistik","isPartOf":{"@id":"https:\/\/meosgloballojistik.com\/#website"},"primaryImageOfPage":{"@id":"https:\/\/meosgloballojistik.com\/index.php\/hakkimizda\/#primaryimage"},"image":{"@id":"https:\/\/meosgloballojistik.com\/index.php\/hakkimizda\/#primaryimage"},"thumbnailUrl":"https:\/\/meosgloballojistik.com\/wp-content\/uploads\/2024\/03\/step.png","datePublished":"2024-03-20T19:16:28+00:00","dateModified":"2025-02-21T08:17:44+00:00","breadcrumb":{"@id":"https:\/\/meosgloballojistik.com\/index.php\/hakkimizda\/#breadcrumb"},"inLanguage":"tr","potentialAction":[{"@type":"ReadAction","target":["https:\/\/meosgloballojistik.com\/index.php\/hakkimizda\/"]}]},{"@type":"ImageObject","inLanguage":"tr","@id":"https:\/\/meosgloballojistik.com\/index.php\/hakkimizda\/#primaryimage","url":"https:\/\/meosgloballojistik.com\/wp-content\/uploads\/2024\/03\/step.png","contentUrl":"https:\/\/meosgloballojistik.com\/wp-content\/uploads\/2024\/03\/step.png","width":792,"height":32},{"@type":"BreadcrumbList","@id":"https:\/\/meosgloballojistik.com\/index.php\/hakkimizda\/#breadcrumb","itemListElement":[{"@type":"ListItem","position":1,"name":"Anasayfa","item":"https:\/\/meosgloballojistik.com\/"},{"@type":"ListItem","position":2,"name":"Hakk\u0131m\u0131zda"}]},{"@type":"WebSite","@id":"https:\/\/meosgloballojistik.com\/#website","url":"https:\/\/meosgloballojistik.com\/","name":"Meos Global Lojistik","description":"Lojistik, Ta\u015f\u0131mac\u0131l\u0131k, Nakliye","publisher":{"@id":"https:\/\/meosgloballojistik.com\/#organization"},"alternateName":"Meos G\u00fcmr\u00fck","potentialAction":[{"@type":"SearchAction","target":{"@type":"EntryPoint","urlTemplate":"https:\/\/meosgloballojistik.com\/?s={search_term_string}"},"query-input":{"@type":"PropertyValueSpecification","valueRequired":true,"valueName":"search_term_string"}}],"inLanguage":"tr"},{"@type":"Organization","@id":"https:\/\/meosgloballojistik.com\/#organization","name":"Meos G\u00fcmr\u00fck M\u00fc\u015favirli\u011fi","alternateName":"Global Lojistik Ta\u015f\u0131mac\u0131l\u0131k","url":"https:\/\/meosgloballojistik.com\/","logo":{"@type":"ImageObject","inLanguage":"tr","@id":"https:\/\/meosgloballojistik.com\/#\/schema\/logo\/image\/","url":"https:\/\/meosgloballojistik.com\/wp-content\/uploads\/2024\/04\/Basliksiz-1s.jpg","contentUrl":"https:\/\/meosgloballojistik.com\/wp-content\/uploads\/2024\/04\/Basliksiz-1s.jpg","width":296,"height":160,"caption":"Meos G\u00fcmr\u00fck M\u00fc\u015favirli\u011fi"},"image":{"@id":"https:\/\/meosgloballojistik.com\/#\/schema\/logo\/image\/"}}]}},"_links":{"self":[{"href":"https:\/\/meosgloballojistik.com\/index.php\/wp-json\/wp\/v2\/pages\/188","targetHints":{"allow":["GET"]}}],"collection":[{"href":"https:\/\/meosgloballojistik.com\/index.php\/wp-json\/wp\/v2\/pages"}],"about":[{"href":"https:\/\/meosgloballojistik.com\/index.php\/wp-json\/wp\/v2\/types\/page"}],"author":[{"embeddable":true,"href":"https:\/\/meosgloballojistik.com\/index.php\/wp-json\/wp\/v2\/users\/1"}],"replies":[{"embeddable":true,"href":"https:\/\/meosgloballojistik.com\/index.php\/wp-json\/wp\/v2\/comments?post=188"}],"version-history":[{"count":22,"href":"https:\/\/meosgloballojistik.com\/index.php\/wp-json\/wp\/v2\/pages\/188\/revisions"}],"predecessor-version":[{"id":684,"href":"https:\/\/meosgloballojistik.com\/index.php\/wp-json\/wp\/v2\/pages\/188\/revisions\/684"}],"wp:attachment":[{"href":"https:\/\/meosgloballojistik.com\/index.php\/wp-json\/wp\/v2\/media?parent=188"}],"curies":[{"name":"wp","href":"https:\/\/api.w.org\/{rel}","templated":true}]}}